{"id":8395,"date":"2023-12-31T16:08:49","date_gmt":"2023-12-31T15:08:49","guid":{"rendered":"https:\/\/www.agnnw.de\/?page_id=8395"},"modified":"2023-12-31T16:32:48","modified_gmt":"2023-12-31T15:32:48","slug":"2024-2","status":"publish","type":"page","link":"https:\/\/www.agnnw.de\/?page_id=8395","title":{"rendered":"2024"},"content":{"rendered":"<div class=\"pt-cv-wrapper\"><div class=\"pt-cv-view pt-cv-grid pt-cv-colsys\" id=\"pt-cv-view-8bb5719u93\"><div data-id=\"pt-cv-page-1\" class=\"pt-cv-page\" data-cvc=\"4\"><div class=\"col-md-3 col-sm-6 col-xs-12 pt-cv-content-item pt-cv-1-col\" ><div class='pt-cv-ifield'><h5 class=\"pt-cv-title\"><a href=\"https:\/\/www.agnnw.de\/?p=9603\" class=\"_self\" target=\"_self\" >Fall des Montas Dezember 2024<\/a><\/h5>\n<div class=\"pt-cv-content\">Alarmierungsmeldung am Dienstag-Abend gegen 18:00 Uhr: 73-j\u00e4hriger Mann mit akuter Atemnot, bekanntes Lungen-CA W\u00e4hrend der Anfahrt wird von der Leitstelle mitgeteilt, dass der Patient laut Anrufer nicht mehr ansprechbar sei ...<br \/><div class=\"pt-cv-rmwrap\"><a href=\"https:\/\/www.agnnw.de\/?p=9603\" class=\"_self pt-cv-readmore btn btn-success\" target=\"_self\">Weiterlesen\u00a0\u2026<\/a><\/div><\/div><\/div><\/div>\n<div class=\"col-md-3 col-sm-6 col-xs-12 pt-cv-content-item pt-cv-1-col\" ><div class='pt-cv-ifield'><h5 class=\"pt-cv-title\"><a href=\"https:\/\/www.agnnw.de\/?p=9517\" class=\"_self\" target=\"_self\" >Fall des Monats November 2024<\/a><\/h5>\n<div class=\"pt-cv-content\">2 Eins\u00e4tze mit Todesfeststellungen durch den Notarzt in j\u00fcngerer Vergangenheit\u00a01. Fall:\u00a0Alarmierungsmeldung Montag 22:00 Uhr:Mitteilung des Anrufers im Polizeipr\u00e4sidium, dass sein Lebensgef\u00e4hrte gerade Selbstmord begangen habe.Es erfolgt die zeitgleiche Alarmierung des ...<br \/><div class=\"pt-cv-rmwrap\"><a href=\"https:\/\/www.agnnw.de\/?p=9517\" class=\"_self pt-cv-readmore btn btn-success\" target=\"_self\">Weiterlesen\u00a0\u2026<\/a><\/div><\/div><\/div><\/div>\n<div class=\"col-md-3 col-sm-6 col-xs-12 pt-cv-content-item pt-cv-1-col\" ><div class='pt-cv-ifield'><h5 class=\"pt-cv-title\"><a href=\"https:\/\/www.agnnw.de\/?p=9444\" class=\"_self\" target=\"_self\" >Fall des Monats Oktober 2024<\/a><\/h5>\n<div class=\"pt-cv-content\">Alarmierungsmeldung freitags um 3:00 Uhr nachts: Weibliche Person mit Atemnot \u00a0 Situation vor Ort: 7 Minuten nach Alarmierung zeitgleiches Eintreffen von NEF und RTW am Einsatzort (Einfamilienhaus). Der Ehemann der ...<br \/><div class=\"pt-cv-rmwrap\"><a href=\"https:\/\/www.agnnw.de\/?p=9444\" class=\"_self pt-cv-readmore btn btn-success\" target=\"_self\">Weiterlesen\u00a0\u2026<\/a><\/div><\/div><\/div><\/div>\n<div class=\"col-md-3 col-sm-6 col-xs-12 pt-cv-content-item pt-cv-1-col\" ><div class='pt-cv-ifield'><h5 class=\"pt-cv-title\"><a href=\"https:\/\/www.agnnw.de\/?p=9381\" class=\"_self\" target=\"_self\" >Fall des Monats September 2024<\/a><\/h5>\n<div class=\"pt-cv-content\">Alarmierungsmeldung Freitag 22:40 Uhr:Nachforderung des Notarztes durch die vor Ort befindliche RTW-Besatzung: 81-j\u00e4hriger Patient mit respiratorischer InsuffizienzEintreffsituation und Vorgeschichte:Eintreffen an einem Mehrfamilienhaus im Zentrum einer Kleinstadt. Der 81-j\u00e4hrige Mann ist ...<br \/><div class=\"pt-cv-rmwrap\"><a href=\"https:\/\/www.agnnw.de\/?p=9381\" class=\"_self pt-cv-readmore btn btn-success\" target=\"_self\">Weiterlesen\u00a0\u2026<\/a><\/div><\/div><\/div><\/div>\n<div class=\"col-md-3 col-sm-6 col-xs-12 pt-cv-content-item pt-cv-1-col\" ><div class='pt-cv-ifield'><h5 class=\"pt-cv-title\"><a href=\"https:\/\/www.agnnw.de\/?p=9337\" class=\"_self\" target=\"_self\" >Fall des Monats August 2024<\/a><\/h5>\n<div class=\"pt-cv-content\">Alarmierungsmeldung Freitag 10:00 Uhr:NA-Anforderung durch allgemeinmedizinische Praxis: Patientin mit Herzrhythmusst\u00f6rungenSituation vor Ort:6 Minuten nach Alarmierung trifft das NEF an der Arztpraxis ein. Das Rettungsteam wird in ein Behandlungszimmer der Praxis ...<br \/><div class=\"pt-cv-rmwrap\"><a href=\"https:\/\/www.agnnw.de\/?p=9337\" class=\"_self pt-cv-readmore btn btn-success\" target=\"_self\">Weiterlesen\u00a0\u2026<\/a><\/div><\/div><\/div><\/div>\n<div class=\"col-md-3 col-sm-6 col-xs-12 pt-cv-content-item pt-cv-1-col\" ><div class='pt-cv-ifield'><h5 class=\"pt-cv-title\"><a href=\"https:\/\/www.agnnw.de\/?p=9027\" class=\"_self\" target=\"_self\" >Fall des Monats Juli 2024<\/a><\/h5>\n<div class=\"pt-cv-content\">RTW-Alarmierung durch den Leitstellendisponenten: \u00a0weibliche Person, 45 Jahre, Erbrechen und unklarer Schwindel, Anrufer schwer verst\u00e4ndlich \u00a0Situation vor Ort:Der RTW trifft 5 min nach Alarmierung am Einsatzort ein (Mehrfamilienhaus in Stadtmitte) ...<br \/><div class=\"pt-cv-rmwrap\"><a href=\"https:\/\/www.agnnw.de\/?p=9027\" class=\"_self pt-cv-readmore btn btn-success\" target=\"_self\">Weiterlesen\u00a0\u2026<\/a><\/div><\/div><\/div><\/div>\n<div class=\"col-md-3 col-sm-6 col-xs-12 pt-cv-content-item pt-cv-1-col\" ><div class='pt-cv-ifield'><h5 class=\"pt-cv-title\"><a href=\"https:\/\/www.agnnw.de\/?p=8955\" class=\"_self\" target=\"_self\" >Fall des Monats Juni 2024<\/a><\/h5>\n<div class=\"pt-cv-content\">Alarmierungsanruf bei der Polizeiwache am Montag um 17:30 Uhr:Ein m\u00e4nnlicher Anrufer berichtet, dass er seine alleinlebende Mutter in ihrer Wohnung in einer Art Schockstarre vorgefunden habe. Er vermute eine vorangegangenes ...<br \/><div class=\"pt-cv-rmwrap\"><a href=\"https:\/\/www.agnnw.de\/?p=8955\" class=\"_self pt-cv-readmore btn btn-success\" target=\"_self\">Weiterlesen\u00a0\u2026<\/a><\/div><\/div><\/div><\/div>\n<div class=\"col-md-3 col-sm-6 col-xs-12 pt-cv-content-item pt-cv-1-col\" ><div class='pt-cv-ifield'><h5 class=\"pt-cv-title\"><a href=\"https:\/\/www.agnnw.de\/?p=8807\" class=\"_self\" target=\"_self\" >Fall des Monats Mai 2024<\/a><\/h5>\n<div class=\"pt-cv-content\">Alarmierungsmeldung \/ Samstag fr\u00fch 09:00 Uhr:Verkehrsunfall auf der Autobahn mit verletzter Person (nicht eingeklemmt). Eintreffen des NEF an der Unfallstelle 12 Minuten nach Alarmierung. Die Autobahnpolizei ist bereits vor Ort.Situation ...<br \/><div class=\"pt-cv-rmwrap\"><a href=\"https:\/\/www.agnnw.de\/?p=8807\" class=\"_self pt-cv-readmore btn btn-success\" target=\"_self\">Weiterlesen\u00a0\u2026<\/a><\/div><\/div><\/div><\/div>\n<div class=\"col-md-3 col-sm-6 col-xs-12 pt-cv-content-item pt-cv-1-col\" ><div class='pt-cv-ifield'><h5 class=\"pt-cv-title\"><a href=\"https:\/\/www.agnnw.de\/?p=8768\" class=\"_self\" target=\"_self\" >Fall des Monats April 2024<\/a><\/h5>\n<div class=\"pt-cv-content\">Alarmierungsmeldung Samstag nachts um 02:30 Uhr:Gest\u00fcrzte m\u00e4nnliche Person auf Stra\u00dfe mit Bewusstseinstr\u00fcbung. RTW vor Ort mit NA-Nachforderung aufgrund kurzzeitiger Herdblicksymptomatik und ZungenbissRegenwetter. Der RTW war 4 Minuten nach Alarmierung am ...<br \/><div class=\"pt-cv-rmwrap\"><a href=\"https:\/\/www.agnnw.de\/?p=8768\" class=\"_self pt-cv-readmore btn btn-success\" target=\"_self\">Weiterlesen\u00a0\u2026<\/a><\/div><\/div><\/div><\/div>\n<div class=\"col-md-3 col-sm-6 col-xs-12 pt-cv-content-item pt-cv-1-col\" ><div class='pt-cv-ifield'><h5 class=\"pt-cv-title\"><a href=\"https:\/\/www.agnnw.de\/?p=8662\" class=\"_self\" target=\"_self\" >Fall des Monats M\u00e4rz 2024<\/a><\/h5>\n<div class=\"pt-cv-content\">Alarmierungsmeldung Freitag gegen 20:30 Uhr:Nachforderung des RTW zu Schmerztherapie bei akutem Abdomen. 76-j\u00e4hriger Mann, Z.n. BauchoperationSituation vor Ort \/ Anamnese:Einsatz in einem Einfamilienhaus im Vorort einer Kleinstadt. Die Ehefrau des ...<br \/><div class=\"pt-cv-rmwrap\"><a href=\"https:\/\/www.agnnw.de\/?p=8662\" class=\"_self pt-cv-readmore btn btn-success\" target=\"_self\">Weiterlesen\u00a0\u2026<\/a><\/div><\/div><\/div><\/div>\n<div class=\"col-md-3 col-sm-6 col-xs-12 pt-cv-content-item pt-cv-1-col\" ><div class='pt-cv-ifield'><h5 class=\"pt-cv-title\"><a href=\"https:\/\/www.agnnw.de\/?p=8532\" class=\"_self\" target=\"_self\" >Fall des Monats Februar 2024<\/a><\/h5>\n<div class=\"pt-cv-content\">Alarmierungsmeldung:88-j\u00e4hrige Frau, schlechter AllgemeinzustandSituation vor Ort \/ Anamnese:Der RTW f\u00e4hrt zu einem freistehenden Haus inmitten einer Kleinstadt.Die alleinlebende 88-j\u00e4hrige Frau (Anruferin) \u00f6ffnet dem Rettungsteam die Haust\u00fcr.Es besteht eine m\u00e4\u00dfige Dyspnoe.Sie ...<br \/><div class=\"pt-cv-rmwrap\"><a href=\"https:\/\/www.agnnw.de\/?p=8532\" class=\"_self pt-cv-readmore btn btn-success\" target=\"_self\">Weiterlesen\u00a0\u2026<\/a><\/div><\/div><\/div><\/div>\n<div class=\"col-md-3 col-sm-6 col-xs-12 pt-cv-content-item pt-cv-1-col\" ><div class='pt-cv-ifield'><h5 class=\"pt-cv-title\"><a href=\"https:\/\/www.agnnw.de\/?p=8400\" class=\"_self\" target=\"_self\" >Fall des Monats Januar 2024<\/a><\/h5>\n<div class=\"pt-cv-content\">Alarmierungsmeldung am Freitag-Nachmittag um 14:30 Uhr, Einsatz im Nachbarbezirk:Patientin 85 Jahre, ReanimationAnfahrt:Das NEF muss sich durch die Rush-Hour in der Nachbarstadt k\u00e4mpfen und trifft erst 18 Minuten nach Alarmierung an ...<br \/><div class=\"pt-cv-rmwrap\"><a href=\"https:\/\/www.agnnw.de\/?p=8400\" class=\"_self pt-cv-readmore btn btn-success\" target=\"_self\">Weiterlesen\u00a0\u2026<\/a><\/div><\/div><\/div><\/div><\/div><\/div><\/div>\n","protected":false},"excerpt":{"rendered":"","protected":false},"author":1,"featured_media":0,"parent":42,"menu_order":1,"comment_status":"closed","ping_status":"closed","template":"page-templates\/page_fullwidth.php","meta":{"footnotes":""},"class_list":["post-8395","page","type-page","status-publish","hentry"],"_links":{"self":[{"href":"https:\/\/www.agnnw.de\/index.php?rest_route=\/wp\/v2\/pages\/8395","targetHints":{"allow":["GET"]}}],"collection":[{"href":"https:\/\/www.agnnw.de\/index.php?rest_route=\/wp\/v2\/pages"}],"about":[{"href":"https:\/\/www.agnnw.de\/index.php?rest_route=\/wp\/v2\/types\/page"}],"author":[{"embeddable":true,"href":"https:\/\/www.agnnw.de\/index.php?rest_route=\/wp\/v2\/users\/1"}],"replies":[{"embeddable":true,"href":"https:\/\/www.agnnw.de\/index.php?rest_route=%2Fwp%2Fv2%2Fcomments&post=8395"}],"version-history":[{"count":2,"href":"https:\/\/www.agnnw.de\/index.php?rest_route=\/wp\/v2\/pages\/8395\/revisions"}],"predecessor-version":[{"id":8399,"href":"https:\/\/www.agnnw.de\/index.php?rest_route=\/wp\/v2\/pages\/8395\/revisions\/8399"}],"up":[{"embeddable":true,"href":"https:\/\/www.agnnw.de\/index.php?rest_route=\/wp\/v2\/pages\/42"}],"wp:attachment":[{"href":"https:\/\/www.agnnw.de\/index.php?rest_route=%2Fwp%2Fv2%2Fmedia&parent=8395"}],"curies":[{"name":"wp","href":"https:\/\/api.w.org\/{rel}","templated":true}]}}