{"id":5410,"date":"2022-01-01T13:29:02","date_gmt":"2022-01-01T12:29:02","guid":{"rendered":"https:\/\/www.agnnw.de\/?page_id=5410"},"modified":"2022-11-20T16:38:15","modified_gmt":"2022-11-20T15:38:15","slug":"2022-2","status":"publish","type":"page","link":"https:\/\/www.agnnw.de\/?page_id=5410","title":{"rendered":"2022"},"content":{"rendered":"<div class=\"pt-cv-wrapper\"><div class=\"pt-cv-view pt-cv-grid pt-cv-colsys\" id=\"pt-cv-view-106f1131u7\"><div data-id=\"pt-cv-page-1\" class=\"pt-cv-page\" data-cvc=\"4\"><div class=\"col-md-3 col-sm-6 col-xs-12 pt-cv-content-item pt-cv-1-col\" ><div class='pt-cv-ifield'><h5 class=\"pt-cv-title\"><a href=\"https:\/\/www.agnnw.de\/?p=6079\" class=\"_self\" target=\"_self\" >Fall des Monats Dezember 2022<\/a><\/h5>\n<div class=\"pt-cv-content\">Alarmierungsmeldung Montag 21:30 Uhr: Das NEF hat sich nach Feststellung eines nicht begleitungsbed\u00fcrftigen Patiententransports einsatzbereit gemeldet und wird von der Leitstelle zur Rettungswache zur\u00fcckgeordert zur Unterst\u00fctzung der RTW-Besatzung bei einer ...<br \/><div class=\"pt-cv-rmwrap\"><a href=\"https:\/\/www.agnnw.de\/?p=6079\" class=\"_self pt-cv-readmore btn btn-success\" target=\"_self\">Weiterlesen\u00a0\u2026<\/a><\/div><\/div><\/div><\/div>\n<div class=\"col-md-3 col-sm-6 col-xs-12 pt-cv-content-item pt-cv-1-col\" ><div class='pt-cv-ifield'><h5 class=\"pt-cv-title\"><a href=\"https:\/\/www.agnnw.de\/?p=5899\" class=\"_self\" target=\"_self\" >Fall des Monats November 2022<\/a><\/h5>\n<div class=\"pt-cv-content\">Alarmierungsmeldung Montag 20:30 Uhr: Die Leitstelle informiert die auf der Rettungswache befindliche NEF-Besatzung, dass der im Einsatz befindliche RTW mit einer gest\u00fcrzten Person (Sturz &lt; 3 Meter) gleich an der ...<br \/><div class=\"pt-cv-rmwrap\"><a href=\"https:\/\/www.agnnw.de\/?p=5899\" class=\"_self pt-cv-readmore btn btn-success\" target=\"_self\">Weiterlesen\u00a0\u2026<\/a><\/div><\/div><\/div><\/div>\n<div class=\"col-md-3 col-sm-6 col-xs-12 pt-cv-content-item pt-cv-1-col\" ><div class='pt-cv-ifield'><h5 class=\"pt-cv-title\"><a href=\"https:\/\/www.agnnw.de\/?p=5868\" class=\"_self\" target=\"_self\" >Fall des Monats Oktober 2022<\/a><\/h5>\n<div class=\"pt-cv-content\">Alarmierungsmeldung Freitag 19:00 Uhr: 63-j\u00e4hrige Patientin mit Herzrasen Situation am Einsatzort: Das NEF und der RTW treffen 8 Minuten nach Alarmierung am Einsatzort ein. Der Ehemann der Patientin f\u00fchrt das ...<br \/><div class=\"pt-cv-rmwrap\"><a href=\"https:\/\/www.agnnw.de\/?p=5868\" class=\"_self pt-cv-readmore btn btn-success\" target=\"_self\">Weiterlesen\u00a0\u2026<\/a><\/div><\/div><\/div><\/div>\n<div class=\"col-md-3 col-sm-6 col-xs-12 pt-cv-content-item pt-cv-1-col\" ><div class='pt-cv-ifield'><h5 class=\"pt-cv-title\"><a href=\"https:\/\/www.agnnw.de\/?p=5823\" class=\"_self\" target=\"_self\" >Fall des Monats September 2022<\/a><\/h5>\n<div class=\"pt-cv-content\">Alarmierungsmeldung Freitag 23:30 Uhr: Anruf einer Frau mit fremdsprachigem Akzent bei der Leitstelle. Die Anruferin gibt an, dass Ihr Sohn pl\u00f6tzlich nicht mehr ansprechbar sei, aber noch atmen w\u00fcrde. Situation ...<br \/><div class=\"pt-cv-rmwrap\"><a href=\"https:\/\/www.agnnw.de\/?p=5823\" class=\"_self pt-cv-readmore btn btn-success\" target=\"_self\">Weiterlesen\u00a0\u2026<\/a><\/div><\/div><\/div><\/div>\n<div class=\"col-md-3 col-sm-6 col-xs-12 pt-cv-content-item pt-cv-1-col\" ><div class='pt-cv-ifield'><h5 class=\"pt-cv-title\"><a href=\"https:\/\/www.agnnw.de\/?p=5791\" class=\"_self\" target=\"_self\" >Fall des Monats August 2022<\/a><\/h5>\n<div class=\"pt-cv-content\">Alarmierungsmeldung am Freitag 19:00 Uhr: Hilfeleistung f\u00fcr den Nachbarbezirk \u201eNicht ansprechbare Person - vermutlich Ex\u201c Neue Information w\u00e4hrend der Anfahrt: Auf der 14 -min\u00fctigen Anfahrt des NEF kommt die Information ...<br \/><div class=\"pt-cv-rmwrap\"><a href=\"https:\/\/www.agnnw.de\/?p=5791\" class=\"_self pt-cv-readmore btn btn-success\" target=\"_self\">Weiterlesen\u00a0\u2026<\/a><\/div><\/div><\/div><\/div>\n<div class=\"col-md-3 col-sm-6 col-xs-12 pt-cv-content-item pt-cv-1-col\" ><div class='pt-cv-ifield'><h5 class=\"pt-cv-title\"><a href=\"https:\/\/www.agnnw.de\/?p=5757\" class=\"_self\" target=\"_self\" >Fall des Monats Juli 2022<\/a><\/h5>\n<div class=\"pt-cv-content\">Alarmierungsmeldung am Freitag um 22:00 Uhr: 35-j\u00e4hriger Mann, Suizidversuch, Tablettenintoxikation 5 Minuten nach der Alarmierungsmeldung Eintreffen des NEF am Einsatzort. Anamnestische Angaben der Ehefrau (Anruferin): Die Ehefrau des Patienten f\u00fchrt ...<br \/><div class=\"pt-cv-rmwrap\"><a href=\"https:\/\/www.agnnw.de\/?p=5757\" class=\"_self pt-cv-readmore btn btn-success\" target=\"_self\">Weiterlesen\u00a0\u2026<\/a><\/div><\/div><\/div><\/div>\n<div class=\"col-md-3 col-sm-6 col-xs-12 pt-cv-content-item pt-cv-1-col\" ><div class='pt-cv-ifield'><h5 class=\"pt-cv-title\"><a href=\"https:\/\/www.agnnw.de\/?p=5728\" class=\"_self\" target=\"_self\" >Fall des Monats Juni 2022<\/a><\/h5>\n<div class=\"pt-cv-content\">Alarmierungsmeldung: Freitagabend gegen 24 Uhr: Nachforderung des Notarztes durch eine RTW-Besatzung Meldung: 82-j\u00e4hriger Mann mit unklarem Abdomen zur Schmerztherapie Information des Notarztes zum Fall \/ zur Vorgeschichte durch RTW-Besatzung und ...<br \/><div class=\"pt-cv-rmwrap\"><a href=\"https:\/\/www.agnnw.de\/?p=5728\" class=\"_self pt-cv-readmore btn btn-success\" target=\"_self\">Weiterlesen\u00a0\u2026<\/a><\/div><\/div><\/div><\/div>\n<div class=\"col-md-3 col-sm-6 col-xs-12 pt-cv-content-item pt-cv-1-col\" ><div class='pt-cv-ifield'><h5 class=\"pt-cv-title\"><a href=\"https:\/\/www.agnnw.de\/?p=5701\" class=\"_self\" target=\"_self\" >Fall des Monats Mai 2022<\/a><\/h5>\n<div class=\"pt-cv-content\">Alarmierungsmeldung: Notarzt-Nachforderung durch RTW 18-j\u00e4hrige Frau mit Nierenkolik Situation vor Ort: Das Notarzteinsatzfahrzeug betrifft 6 Minuten nach Alarmierung am Einsatzort ein. Die Patientin ist bereits im RTW auf der Trage ...<br \/><div class=\"pt-cv-rmwrap\"><a href=\"https:\/\/www.agnnw.de\/?p=5701\" class=\"_self pt-cv-readmore btn btn-success\" target=\"_self\">Weiterlesen\u00a0\u2026<\/a><\/div><\/div><\/div><\/div>\n<div class=\"col-md-3 col-sm-6 col-xs-12 pt-cv-content-item pt-cv-1-col\" ><div class='pt-cv-ifield'><h5 class=\"pt-cv-title\"><a href=\"https:\/\/www.agnnw.de\/?p=5621\" class=\"_self\" target=\"_self\" >Fall des Monats April 2022<\/a><\/h5>\n<div class=\"pt-cv-content\">Alarmierungsmeldung: Junge Frau mit \u201eHerzrasen\u201c nach Joggen Einsatzort: Parkplatz eines Waldrestaurants Eintreffsituation \/ Anamnese: Eine 25-j\u00e4hrige Frau sitzt in Joggingkleidung mit erkennbarer Unruhe auf dem Beifahrersitz eines PKW\u2019s. Es besteht ...<br \/><div class=\"pt-cv-rmwrap\"><a href=\"https:\/\/www.agnnw.de\/?p=5621\" class=\"_self pt-cv-readmore btn btn-success\" target=\"_self\">Weiterlesen\u00a0\u2026<\/a><\/div><\/div><\/div><\/div>\n<div class=\"col-md-3 col-sm-6 col-xs-12 pt-cv-content-item pt-cv-1-col\" ><div class='pt-cv-ifield'><h5 class=\"pt-cv-title\"><a href=\"https:\/\/www.agnnw.de\/?p=5593\" class=\"_self\" target=\"_self\" >Fall des Monats M\u00e4rz 2022<\/a><\/h5>\n<div class=\"pt-cv-content\">Alarmierungsmeldung am Dienstagmorgen gegen 7:00 Uhr bei kalter Wintertemperatur: M\u00e4nnliche Person im Wasser, Polizei vor Ort. Feuerwehr ist ebenfalls alarmiert. Situation vor Ort: RTW und NEF treffen nach 8-min\u00fctiger Anfahrt ...<br \/><div class=\"pt-cv-rmwrap\"><a href=\"https:\/\/www.agnnw.de\/?p=5593\" class=\"_self pt-cv-readmore btn btn-success\" target=\"_self\">Weiterlesen\u00a0\u2026<\/a><\/div><\/div><\/div><\/div>\n<div class=\"col-md-3 col-sm-6 col-xs-12 pt-cv-content-item pt-cv-1-col\" ><div class='pt-cv-ifield'><h5 class=\"pt-cv-title\"><a href=\"https:\/\/www.agnnw.de\/?p=5575\" class=\"_self\" target=\"_self\" >Fall des Monats Februar 2022<\/a><\/h5>\n<div class=\"pt-cv-content\">Zum 20-j\u00e4hrigen Jubil\u00e4um der Initiative \"Fall des Monats\" der AGNNW pr\u00e4sentieren wir nochmals den Fall des Monats \u201eNummer 1\u201c\u00a0 aus dem Monat Februar 2002 Notfallmeldung : Gegen 2 Uhr nachts ...<br \/><div class=\"pt-cv-rmwrap\"><a href=\"https:\/\/www.agnnw.de\/?p=5575\" class=\"_self pt-cv-readmore btn btn-success\" target=\"_self\">Weiterlesen\u00a0\u2026<\/a><\/div><\/div><\/div><\/div>\n<div class=\"col-md-3 col-sm-6 col-xs-12 pt-cv-content-item pt-cv-1-col\" ><div class='pt-cv-ifield'><h5 class=\"pt-cv-title\"><a href=\"https:\/\/www.agnnw.de\/?p=5413\" class=\"_self\" target=\"_self\" >Fall des Monats Januar 2022<\/a><\/h5>\n<div class=\"pt-cv-content\">Alarmierungsmeldung am Freitag gegen 14:00 Uhr: M\u00e4nnlicher Patient, 62 Jahre, thorakale Schmerzen, station\u00e4r vor 3- 4 Wochen wegen Lungenembolie Situation vor Ort: Das NEF trifft aufgrund eines vorangegangenen Einsatzes 5 ...<br \/><div class=\"pt-cv-rmwrap\"><a href=\"https:\/\/www.agnnw.de\/?p=5413\" class=\"_self pt-cv-readmore btn btn-success\" target=\"_self\">Weiterlesen\u00a0\u2026<\/a><\/div><\/div><\/div><\/div><\/div><\/div><\/div>\n","protected":false},"excerpt":{"rendered":"","protected":false},"author":1,"featured_media":0,"parent":42,"menu_order":2,"comment_status":"closed","ping_status":"closed","template":"page-templates\/page_fullwidth.php","meta":{"footnotes":""},"class_list":["post-5410","page","type-page","status-publish","hentry"],"_links":{"self":[{"href":"https:\/\/www.agnnw.de\/index.php?rest_route=\/wp\/v2\/pages\/5410","targetHints":{"allow":["GET"]}}],"collection":[{"href":"https:\/\/www.agnnw.de\/index.php?rest_route=\/wp\/v2\/pages"}],"about":[{"href":"https:\/\/www.agnnw.de\/index.php?rest_route=\/wp\/v2\/types\/page"}],"author":[{"embeddable":true,"href":"https:\/\/www.agnnw.de\/index.php?rest_route=\/wp\/v2\/users\/1"}],"replies":[{"embeddable":true,"href":"https:\/\/www.agnnw.de\/index.php?rest_route=%2Fwp%2Fv2%2Fcomments&post=5410"}],"version-history":[{"count":2,"href":"https:\/\/www.agnnw.de\/index.php?rest_route=\/wp\/v2\/pages\/5410\/revisions"}],"predecessor-version":[{"id":5981,"href":"https:\/\/www.agnnw.de\/index.php?rest_route=\/wp\/v2\/pages\/5410\/revisions\/5981"}],"up":[{"embeddable":true,"href":"https:\/\/www.agnnw.de\/index.php?rest_route=\/wp\/v2\/pages\/42"}],"wp:attachment":[{"href":"https:\/\/www.agnnw.de\/index.php?rest_route=%2Fwp%2Fv2%2Fmedia&parent=5410"}],"curies":[{"name":"wp","href":"https:\/\/api.w.org\/{rel}","templated":true}]}}