{"id":4913,"date":"2021-01-05T19:35:03","date_gmt":"2021-01-05T18:35:03","guid":{"rendered":"https:\/\/www.agnnw.de\/?page_id=4913"},"modified":"2024-01-29T17:08:42","modified_gmt":"2024-01-29T16:08:42","slug":"jata-2","status":"publish","type":"page","link":"https:\/\/www.agnnw.de\/?page_id=4913","title":{"rendered":"JATA 2023"},"content":{"rendered":"\t\t<div data-elementor-type=\"wp-page\" data-elementor-id=\"4913\" class=\"elementor elementor-4913\" data-elementor-post-type=\"page\">\n\t\t\t\t\t\t<section class=\"elementor-section elementor-top-section elementor-element elementor-element-30a312f elementor-section-boxed elementor-section-height-default elementor-section-height-default\" data-id=\"30a312f\" data-element_type=\"section\" data-e-type=\"section\">\n\t\t\t\t\t\t<div class=\"elementor-container elementor-column-gap-default\">\n\t\t\t\t\t<div class=\"elementor-column elementor-col-100 elementor-top-column elementor-element elementor-element-5808fe0\" data-id=\"5808fe0\" data-element_type=\"column\" data-e-type=\"column\">\n\t\t\t<div class=\"elementor-widget-wrap elementor-element-populated\">\n\t\t\t\t\t\t<div class=\"elementor-element elementor-element-1726286 elementor-skin-slideshow elementor-arrows-yes elementor-widget elementor-widget-media-carousel\" data-id=\"1726286\" data-element_type=\"widget\" data-e-type=\"widget\" data-settings=\"{&quot;skin&quot;:&quot;slideshow&quot;,&quot;effect&quot;:&quot;slide&quot;,&quot;show_arrows&quot;:&quot;yes&quot;,&quot;speed&quot;:500,&quot;autoplay&quot;:&quot;yes&quot;,&quot;autoplay_speed&quot;:5000,&quot;loop&quot;:&quot;yes&quot;,&quot;pause_on_hover&quot;:&quot;yes&quot;,&quot;pause_on_interaction&quot;:&quot;yes&quot;,&quot;space_between&quot;:{&quot;unit&quot;:&quot;px&quot;,&quot;size&quot;:10,&quot;sizes&quot;:[]},&quot;space_between_tablet&quot;:{&quot;unit&quot;:&quot;px&quot;,&quot;size&quot;:10,&quot;sizes&quot;:[]},&quot;space_between_mobile&quot;:{&quot;unit&quot;:&quot;px&quot;,&quot;size&quot;:10,&quot;sizes&quot;:[]}}\" data-widget_type=\"media-carousel.default\">\n\t\t\t\t<div class=\"elementor-widget-container\">\n\t\t\t\t\t\t\t\t\t<div class=\"elementor-swiper\">\n\t\t\t\t\t<div class=\"elementor-main-swiper swiper\" role=\"region\" aria-roledescription=\"carousel\" aria-label=\"Slider\">\n\t\t\t\t<div class=\"swiper-wrapper\">\n\t\t\t\t\t\t\t\t\t\t\t<div class=\"swiper-slide\" role=\"group\" aria-roledescription=\"slide\">\n\t\t\t\t\t\t\t\t\t<div class=\"elementor-carousel-image\" role=\"img\" aria-label=\"Industrie_08\" style=\"background-image: url(&#039;https:\/\/www.agnnw.de\/wp-content\/uploads\/2023\/02\/Industrie_08.jpg&#039;)\">\n\n\t\t\t\n\t\t\t\t\t<\/div>\n\t\t\t\t\t\t\t\t<\/div>\n\t\t\t\t\t\t\t\t\t\t\t<div class=\"swiper-slide\" role=\"group\" aria-roledescription=\"slide\">\n\t\t\t\t\t\t\t\t\t<div class=\"elementor-carousel-image\" role=\"img\" aria-label=\"Industrie_07\" style=\"background-image: url(&#039;https:\/\/www.agnnw.de\/wp-content\/uploads\/2023\/02\/Industrie_07.jpg&#039;)\">\n\n\t\t\t\n\t\t\t\t\t<\/div>\n\t\t\t\t\t\t\t\t<\/div>\n\t\t\t\t\t\t\t\t\t\t\t<div class=\"swiper-slide\" role=\"group\" aria-roledescription=\"slide\">\n\t\t\t\t\t\t\t\t\t<div class=\"elementor-carousel-image\" role=\"img\" aria-label=\"Industrie_06\" style=\"background-image: url(&#039;https:\/\/www.agnnw.de\/wp-content\/uploads\/2023\/02\/Industrie_06.jpg&#039;)\">\n\n\t\t\t\n\t\t\t\t\t<\/div>\n\t\t\t\t\t\t\t\t<\/div>\n\t\t\t\t\t\t\t\t\t\t\t<div class=\"swiper-slide\" role=\"group\" aria-roledescription=\"slide\">\n\t\t\t\t\t\t\t\t\t<div class=\"elementor-carousel-image\" role=\"img\" aria-label=\"Industrie_05\" style=\"background-image: url(&#039;https:\/\/www.agnnw.de\/wp-content\/uploads\/2023\/02\/Industrie_05.jpg&#039;)\">\n\n\t\t\t\n\t\t\t\t\t<\/div>\n\t\t\t\t\t\t\t\t<\/div>\n\t\t\t\t\t\t\t\t\t\t\t<div class=\"swiper-slide\" role=\"group\" aria-roledescription=\"slide\">\n\t\t\t\t\t\t\t\t\t<div class=\"elementor-carousel-image\" role=\"img\" aria-label=\"Industrie_04\" style=\"background-image: url(&#039;https:\/\/www.agnnw.de\/wp-content\/uploads\/2023\/02\/Industrie_04.jpg&#039;)\">\n\n\t\t\t\n\t\t\t\t\t<\/div>\n\t\t\t\t\t\t\t\t<\/div>\n\t\t\t\t\t\t\t\t\t\t\t<div class=\"swiper-slide\" role=\"group\" aria-roledescription=\"slide\">\n\t\t\t\t\t\t\t\t\t<div class=\"elementor-carousel-image\" role=\"img\" aria-label=\"Industrie_02\" style=\"background-image: url(&#039;https:\/\/www.agnnw.de\/wp-content\/uploads\/2023\/02\/Industrie_02.jpg&#039;)\">\n\n\t\t\t\n\t\t\t\t\t<\/div>\n\t\t\t\t\t\t\t\t<\/div>\n\t\t\t\t\t\t\t\t\t\t\t<div class=\"swiper-slide\" role=\"group\" aria-roledescription=\"slide\">\n\t\t\t\t\t\t\t\t\t<div class=\"elementor-carousel-image\" role=\"img\" aria-label=\"Industrie_01\" style=\"background-image: url(&#039;https:\/\/www.agnnw.de\/wp-content\/uploads\/2023\/02\/Industrie_01.jpg&#039;)\">\n\n\t\t\t\n\t\t\t\t\t<\/div>\n\t\t\t\t\t\t\t\t<\/div>\n\t\t\t\t\t\t\t\t\t\t\t<div class=\"swiper-slide\" role=\"group\" aria-roledescription=\"slide\">\n\t\t\t\t\t\t\t\t\t<div class=\"elementor-carousel-image\" role=\"img\" aria-label=\"Berufspolitischer Vormittag\" style=\"background-image: url(&#039;https:\/\/www.agnnw.de\/wp-content\/uploads\/2023\/02\/Berufspolitischer-Vormittag.jpg&#039;)\">\n\n\t\t\t\n\t\t\t\t\t<\/div>\n\t\t\t\t\t\t\t\t<\/div>\n\t\t\t\t\t\t\t\t\t\t\t<div class=\"swiper-slide\" role=\"group\" aria-roledescription=\"slide\">\n\t\t\t\t\t\t\t\t\t<div class=\"elementor-carousel-image\" role=\"img\" aria-label=\"21\" style=\"background-image: url(&#039;https:\/\/www.agnnw.de\/wp-content\/uploads\/2023\/02\/21.jpg&#039;)\">\n\n\t\t\t\n\t\t\t\t\t<\/div>\n\t\t\t\t\t\t\t\t<\/div>\n\t\t\t\t\t\t\t\t\t\t\t<div class=\"swiper-slide\" role=\"group\" aria-roledescription=\"slide\">\n\t\t\t\t\t\t\t\t\t<div class=\"elementor-carousel-image\" role=\"img\" aria-label=\"20\" style=\"background-image: url(&#039;https:\/\/www.agnnw.de\/wp-content\/uploads\/2023\/02\/20.jpg&#039;)\">\n\n\t\t\t\n\t\t\t\t\t<\/div>\n\t\t\t\t\t\t\t\t<\/div>\n\t\t\t\t\t\t\t\t\t\t\t<div class=\"swiper-slide\" role=\"group\" aria-roledescription=\"slide\">\n\t\t\t\t\t\t\t\t\t<div class=\"elementor-carousel-image\" role=\"img\" aria-label=\"19\" style=\"background-image: url(&#039;https:\/\/www.agnnw.de\/wp-content\/uploads\/2023\/02\/19.jpg&#039;)\">\n\n\t\t\t\n\t\t\t\t\t<\/div>\n\t\t\t\t\t\t\t\t<\/div>\n\t\t\t\t\t\t\t\t\t\t\t<div class=\"swiper-slide\" role=\"group\" aria-roledescription=\"slide\">\n\t\t\t\t\t\t\t\t\t<div class=\"elementor-carousel-image\" role=\"img\" aria-label=\"18\" style=\"background-image: url(&#039;https:\/\/www.agnnw.de\/wp-content\/uploads\/2023\/02\/18.jpg&#039;)\">\n\n\t\t\t\n\t\t\t\t\t<\/div>\n\t\t\t\t\t\t\t\t<\/div>\n\t\t\t\t\t\t\t\t\t\t\t<div class=\"swiper-slide\" role=\"group\" aria-roledescription=\"slide\">\n\t\t\t\t\t\t\t\t\t<div class=\"elementor-carousel-image\" role=\"img\" aria-label=\"17\" style=\"background-image: url(&#039;https:\/\/www.agnnw.de\/wp-content\/uploads\/2023\/02\/17.jpg&#039;)\">\n\n\t\t\t\n\t\t\t\t\t<\/div>\n\t\t\t\t\t\t\t\t<\/div>\n\t\t\t\t\t\t\t\t\t\t\t<div class=\"swiper-slide\" role=\"group\" aria-roledescription=\"slide\">\n\t\t\t\t\t\t\t\t\t<div class=\"elementor-carousel-image\" role=\"img\" aria-label=\"16\" style=\"background-image: url(&#039;https:\/\/www.agnnw.de\/wp-content\/uploads\/2023\/02\/16.jpg&#039;)\">\n\n\t\t\t\n\t\t\t\t\t<\/div>\n\t\t\t\t\t\t\t\t<\/div>\n\t\t\t\t\t\t\t\t\t\t\t<div class=\"swiper-slide\" role=\"group\" aria-roledescription=\"slide\">\n\t\t\t\t\t\t\t\t\t<div class=\"elementor-carousel-image\" role=\"img\" aria-label=\"15\" style=\"background-image: url(&#039;https:\/\/www.agnnw.de\/wp-content\/uploads\/2023\/02\/15.jpg&#039;)\">\n\n\t\t\t\n\t\t\t\t\t<\/div>\n\t\t\t\t\t\t\t\t<\/div>\n\t\t\t\t\t\t\t\t\t\t\t<div class=\"swiper-slide\" role=\"group\" aria-roledescription=\"slide\">\n\t\t\t\t\t\t\t\t\t<div class=\"elementor-carousel-image\" role=\"img\" aria-label=\"14\" style=\"background-image: url(&#039;https:\/\/www.agnnw.de\/wp-content\/uploads\/2023\/02\/14.jpg&#039;)\">\n\n\t\t\t\n\t\t\t\t\t<\/div>\n\t\t\t\t\t\t\t\t<\/div>\n\t\t\t\t\t\t\t\t\t\t\t<div class=\"swiper-slide\" role=\"group\" aria-roledescription=\"slide\">\n\t\t\t\t\t\t\t\t\t<div class=\"elementor-carousel-image\" role=\"img\" aria-label=\"13\" style=\"background-image: url(&#039;https:\/\/www.agnnw.de\/wp-content\/uploads\/2023\/02\/13.jpg&#039;)\">\n\n\t\t\t\n\t\t\t\t\t<\/div>\n\t\t\t\t\t\t\t\t<\/div>\n\t\t\t\t\t\t\t\t\t\t\t<div class=\"swiper-slide\" role=\"group\" aria-roledescription=\"slide\">\n\t\t\t\t\t\t\t\t\t<div class=\"elementor-carousel-image\" role=\"img\" aria-label=\"12\" style=\"background-image: url(&#039;https:\/\/www.agnnw.de\/wp-content\/uploads\/2023\/02\/12.jpg&#039;)\">\n\n\t\t\t\n\t\t\t\t\t<\/div>\n\t\t\t\t\t\t\t\t<\/div>\n\t\t\t\t\t\t\t\t\t\t\t<div class=\"swiper-slide\" role=\"group\" aria-roledescription=\"slide\">\n\t\t\t\t\t\t\t\t\t<div class=\"elementor-carousel-image\" role=\"img\" aria-label=\"11\" style=\"background-image: url(&#039;https:\/\/www.agnnw.de\/wp-content\/uploads\/2023\/02\/11.jpg&#039;)\">\n\n\t\t\t\n\t\t\t\t\t<\/div>\n\t\t\t\t\t\t\t\t<\/div>\n\t\t\t\t\t\t\t\t\t\t\t<div class=\"swiper-slide\" role=\"group\" aria-roledescription=\"slide\">\n\t\t\t\t\t\t\t\t\t<div class=\"elementor-carousel-image\" role=\"img\" aria-label=\"10\" style=\"background-image: url(&#039;https:\/\/www.agnnw.de\/wp-content\/uploads\/2023\/02\/10.jpg&#039;)\">\n\n\t\t\t\n\t\t\t\t\t<\/div>\n\t\t\t\t\t\t\t\t<\/div>\n\t\t\t\t\t\t\t\t\t\t\t<div class=\"swiper-slide\" role=\"group\" aria-roledescription=\"slide\">\n\t\t\t\t\t\t\t\t\t<div class=\"elementor-carousel-image\" role=\"img\" aria-label=\"09\" style=\"background-image: url(&#039;https:\/\/www.agnnw.de\/wp-content\/uploads\/2023\/02\/09.jpg&#039;)\">\n\n\t\t\t\n\t\t\t\t\t<\/div>\n\t\t\t\t\t\t\t\t<\/div>\n\t\t\t\t\t\t\t\t\t<\/div>\n\t\t\t\t\t\t\t\t\t\t\t\t\t\t\t<div class=\"elementor-swiper-button elementor-swiper-button-prev\" role=\"button\" tabindex=\"0\" aria-label=\"Voriger\">\n\t\t\t\t\t\t\t<i aria-hidden=\"true\" class=\"eicon-chevron-left\"><\/i>\t\t\t\t\t\t<\/div>\n\t\t\t\t\t\t<div class=\"elementor-swiper-button elementor-swiper-button-next\" role=\"button\" tabindex=\"0\" aria-label=\"N\u00e4chster\">\n\t\t\t\t\t\t\t<i aria-hidden=\"true\" class=\"eicon-chevron-right\"><\/i>\t\t\t\t\t\t<\/div>\n\t\t\t\t\t\t\t\t\t\t\t\t\t\t\t\t\t<\/div>\n\t\t\t\t<\/div>\n\t\t\t\t\t\t\t\t<div class=\"elementor-swiper\">\n\t\t\t\t\t<div class=\"elementor-main-swiper swiper elementor-thumbnails-swiper swiper\" role=\"region region\" aria-roledescription=\"carousel carousel\" aria-label=\"Slider Slider\">\n\t\t\t\t<div class=\"swiper-wrapper\">\n\t\t\t\t\t\t\t\t\t\t\t<div class=\"swiper-slide\" role=\"group\" aria-roledescription=\"slide\">\n\t\t\t\t\t\t\t\t\t<div class=\"elementor-carousel-image\" role=\"img\" aria-label=\"Industrie_08\" style=\"background-image: url(&#039;https:\/\/www.agnnw.de\/wp-content\/uploads\/2023\/02\/Industrie_08.jpg&#039;)\">\n\n\t\t\t\n\t\t\t\t\t<\/div>\n\t\t\t\t\t\t\t\t<\/div>\n\t\t\t\t\t\t\t\t\t\t\t<div class=\"swiper-slide\" role=\"group\" aria-roledescription=\"slide\">\n\t\t\t\t\t\t\t\t\t<div class=\"elementor-carousel-image\" role=\"img\" aria-label=\"Industrie_07\" style=\"background-image: url(&#039;https:\/\/www.agnnw.de\/wp-content\/uploads\/2023\/02\/Industrie_07.jpg&#039;)\">\n\n\t\t\t\n\t\t\t\t\t<\/div>\n\t\t\t\t\t\t\t\t<\/div>\n\t\t\t\t\t\t\t\t\t\t\t<div class=\"swiper-slide\" role=\"group\" aria-roledescription=\"slide\">\n\t\t\t\t\t\t\t\t\t<div class=\"elementor-carousel-image\" role=\"img\" aria-label=\"Industrie_06\" style=\"background-image: url(&#039;https:\/\/www.agnnw.de\/wp-content\/uploads\/2023\/02\/Industrie_06.jpg&#039;)\">\n\n\t\t\t\n\t\t\t\t\t<\/div>\n\t\t\t\t\t\t\t\t<\/div>\n\t\t\t\t\t\t\t\t\t\t\t<div class=\"swiper-slide\" role=\"group\" aria-roledescription=\"slide\">\n\t\t\t\t\t\t\t\t\t<div class=\"elementor-carousel-image\" role=\"img\" aria-label=\"Industrie_05\" style=\"background-image: url(&#039;https:\/\/www.agnnw.de\/wp-content\/uploads\/2023\/02\/Industrie_05.jpg&#039;)\">\n\n\t\t\t\n\t\t\t\t\t<\/div>\n\t\t\t\t\t\t\t\t<\/div>\n\t\t\t\t\t\t\t\t\t\t\t<div class=\"swiper-slide\" role=\"group\" aria-roledescription=\"slide\">\n\t\t\t\t\t\t\t\t\t<div class=\"elementor-carousel-image\" role=\"img\" aria-label=\"Industrie_04\" style=\"background-image: url(&#039;https:\/\/www.agnnw.de\/wp-content\/uploads\/2023\/02\/Industrie_04.jpg&#039;)\">\n\n\t\t\t\n\t\t\t\t\t<\/div>\n\t\t\t\t\t\t\t\t<\/div>\n\t\t\t\t\t\t\t\t\t\t\t<div class=\"swiper-slide\" role=\"group\" aria-roledescription=\"slide\">\n\t\t\t\t\t\t\t\t\t<div class=\"elementor-carousel-image\" role=\"img\" aria-label=\"Industrie_02\" style=\"background-image: url(&#039;https:\/\/www.agnnw.de\/wp-content\/uploads\/2023\/02\/Industrie_02.jpg&#039;)\">\n\n\t\t\t\n\t\t\t\t\t<\/div>\n\t\t\t\t\t\t\t\t<\/div>\n\t\t\t\t\t\t\t\t\t\t\t<div class=\"swiper-slide\" role=\"group\" aria-roledescription=\"slide\">\n\t\t\t\t\t\t\t\t\t<div class=\"elementor-carousel-image\" role=\"img\" aria-label=\"Industrie_01\" style=\"background-image: url(&#039;https:\/\/www.agnnw.de\/wp-content\/uploads\/2023\/02\/Industrie_01.jpg&#039;)\">\n\n\t\t\t\n\t\t\t\t\t<\/div>\n\t\t\t\t\t\t\t\t<\/div>\n\t\t\t\t\t\t\t\t\t\t\t<div class=\"swiper-slide\" role=\"group\" aria-roledescription=\"slide\">\n\t\t\t\t\t\t\t\t\t<div class=\"elementor-carousel-image\" role=\"img\" aria-label=\"Berufspolitischer Vormittag\" style=\"background-image: url(&#039;https:\/\/www.agnnw.de\/wp-content\/uploads\/2023\/02\/Berufspolitischer-Vormittag.jpg&#039;)\">\n\n\t\t\t\n\t\t\t\t\t<\/div>\n\t\t\t\t\t\t\t\t<\/div>\n\t\t\t\t\t\t\t\t\t\t\t<div class=\"swiper-slide\" role=\"group\" aria-roledescription=\"slide\">\n\t\t\t\t\t\t\t\t\t<div class=\"elementor-carousel-image\" role=\"img\" aria-label=\"21\" style=\"background-image: url(&#039;https:\/\/www.agnnw.de\/wp-content\/uploads\/2023\/02\/21.jpg&#039;)\">\n\n\t\t\t\n\t\t\t\t\t<\/div>\n\t\t\t\t\t\t\t\t<\/div>\n\t\t\t\t\t\t\t\t\t\t\t<div class=\"swiper-slide\" role=\"group\" aria-roledescription=\"slide\">\n\t\t\t\t\t\t\t\t\t<div class=\"elementor-carousel-image\" role=\"img\" aria-label=\"20\" style=\"background-image: url(&#039;https:\/\/www.agnnw.de\/wp-content\/uploads\/2023\/02\/20.jpg&#039;)\">\n\n\t\t\t\n\t\t\t\t\t<\/div>\n\t\t\t\t\t\t\t\t<\/div>\n\t\t\t\t\t\t\t\t\t\t\t<div class=\"swiper-slide\" role=\"group\" aria-roledescription=\"slide\">\n\t\t\t\t\t\t\t\t\t<div class=\"elementor-carousel-image\" role=\"img\" aria-label=\"19\" style=\"background-image: url(&#039;https:\/\/www.agnnw.de\/wp-content\/uploads\/2023\/02\/19.jpg&#039;)\">\n\n\t\t\t\n\t\t\t\t\t<\/div>\n\t\t\t\t\t\t\t\t<\/div>\n\t\t\t\t\t\t\t\t\t\t\t<div class=\"swiper-slide\" role=\"group\" aria-roledescription=\"slide\">\n\t\t\t\t\t\t\t\t\t<div class=\"elementor-carousel-image\" role=\"img\" aria-label=\"18\" style=\"background-image: url(&#039;https:\/\/www.agnnw.de\/wp-content\/uploads\/2023\/02\/18.jpg&#039;)\">\n\n\t\t\t\n\t\t\t\t\t<\/div>\n\t\t\t\t\t\t\t\t<\/div>\n\t\t\t\t\t\t\t\t\t\t\t<div class=\"swiper-slide\" role=\"group\" aria-roledescription=\"slide\">\n\t\t\t\t\t\t\t\t\t<div class=\"elementor-carousel-image\" role=\"img\" aria-label=\"17\" style=\"background-image: url(&#039;https:\/\/www.agnnw.de\/wp-content\/uploads\/2023\/02\/17.jpg&#039;)\">\n\n\t\t\t\n\t\t\t\t\t<\/div>\n\t\t\t\t\t\t\t\t<\/div>\n\t\t\t\t\t\t\t\t\t\t\t<div class=\"swiper-slide\" role=\"group\" aria-roledescription=\"slide\">\n\t\t\t\t\t\t\t\t\t<div class=\"elementor-carousel-image\" role=\"img\" aria-label=\"16\" style=\"background-image: url(&#039;https:\/\/www.agnnw.de\/wp-content\/uploads\/2023\/02\/16.jpg&#039;)\">\n\n\t\t\t\n\t\t\t\t\t<\/div>\n\t\t\t\t\t\t\t\t<\/div>\n\t\t\t\t\t\t\t\t\t\t\t<div class=\"swiper-slide\" role=\"group\" aria-roledescription=\"slide\">\n\t\t\t\t\t\t\t\t\t<div class=\"elementor-carousel-image\" role=\"img\" aria-label=\"15\" style=\"background-image: url(&#039;https:\/\/www.agnnw.de\/wp-content\/uploads\/2023\/02\/15.jpg&#039;)\">\n\n\t\t\t\n\t\t\t\t\t<\/div>\n\t\t\t\t\t\t\t\t<\/div>\n\t\t\t\t\t\t\t\t\t\t\t<div class=\"swiper-slide\" role=\"group\" aria-roledescription=\"slide\">\n\t\t\t\t\t\t\t\t\t<div class=\"elementor-carousel-image\" role=\"img\" aria-label=\"14\" style=\"background-image: url(&#039;https:\/\/www.agnnw.de\/wp-content\/uploads\/2023\/02\/14.jpg&#039;)\">\n\n\t\t\t\n\t\t\t\t\t<\/div>\n\t\t\t\t\t\t\t\t<\/div>\n\t\t\t\t\t\t\t\t\t\t\t<div class=\"swiper-slide\" role=\"group\" aria-roledescription=\"slide\">\n\t\t\t\t\t\t\t\t\t<div class=\"elementor-carousel-image\" role=\"img\" aria-label=\"13\" style=\"background-image: url(&#039;https:\/\/www.agnnw.de\/wp-content\/uploads\/2023\/02\/13.jpg&#039;)\">\n\n\t\t\t\n\t\t\t\t\t<\/div>\n\t\t\t\t\t\t\t\t<\/div>\n\t\t\t\t\t\t\t\t\t\t\t<div class=\"swiper-slide\" role=\"group\" aria-roledescription=\"slide\">\n\t\t\t\t\t\t\t\t\t<div class=\"elementor-carousel-image\" role=\"img\" aria-label=\"12\" style=\"background-image: url(&#039;https:\/\/www.agnnw.de\/wp-content\/uploads\/2023\/02\/12.jpg&#039;)\">\n\n\t\t\t\n\t\t\t\t\t<\/div>\n\t\t\t\t\t\t\t\t<\/div>\n\t\t\t\t\t\t\t\t\t\t\t<div class=\"swiper-slide\" role=\"group\" aria-roledescription=\"slide\">\n\t\t\t\t\t\t\t\t\t<div class=\"elementor-carousel-image\" role=\"img\" aria-label=\"11\" style=\"background-image: url(&#039;https:\/\/www.agnnw.de\/wp-content\/uploads\/2023\/02\/11.jpg&#039;)\">\n\n\t\t\t\n\t\t\t\t\t<\/div>\n\t\t\t\t\t\t\t\t<\/div>\n\t\t\t\t\t\t\t\t\t\t\t<div class=\"swiper-slide\" role=\"group\" aria-roledescription=\"slide\">\n\t\t\t\t\t\t\t\t\t<div class=\"elementor-carousel-image\" role=\"img\" aria-label=\"10\" style=\"background-image: url(&#039;https:\/\/www.agnnw.de\/wp-content\/uploads\/2023\/02\/10.jpg&#039;)\">\n\n\t\t\t\n\t\t\t\t\t<\/div>\n\t\t\t\t\t\t\t\t<\/div>\n\t\t\t\t\t\t\t\t\t\t\t<div class=\"swiper-slide\" role=\"group\" aria-roledescription=\"slide\">\n\t\t\t\t\t\t\t\t\t<div class=\"elementor-carousel-image\" role=\"img\" aria-label=\"09\" style=\"background-image: url(&#039;https:\/\/www.agnnw.de\/wp-content\/uploads\/2023\/02\/09.jpg&#039;)\">\n\n\t\t\t\n\t\t\t\t\t<\/div>\n\t\t\t\t\t\t\t\t<\/div>\n\t\t\t\t\t\t\t\t\t<\/div>\n\t\t\t\t\t\t\t\t\t\t\t\t\t\t\t\t\t\t\t\t\t<\/div>\n\t\t\t\t<\/div>\n\t\t\t\t\t\t\t\t<\/div>\n\t\t\t\t<\/div>\n\t\t\t\t\t<\/div>\n\t\t<\/div>\n\t\t\t\t\t<\/div>\n\t\t<\/section>\n\t\t\t\t<section class=\"elementor-section elementor-top-section elementor-element elementor-element-776c19c elementor-section-boxed elementor-section-height-default elementor-section-height-default\" data-id=\"776c19c\" data-element_type=\"section\" data-e-type=\"section\">\n\t\t\t\t\t\t<div class=\"elementor-container elementor-column-gap-default\">\n\t\t\t\t\t<div class=\"elementor-column elementor-col-100 elementor-top-column elementor-element elementor-element-4bb84dd\" data-id=\"4bb84dd\" data-element_type=\"column\" data-e-type=\"column\">\n\t\t\t<div class=\"elementor-widget-wrap elementor-element-populated\">\n\t\t\t\t\t\t<div class=\"elementor-element elementor-element-72a7f2d elementor-widget elementor-widget-text-editor\" data-id=\"72a7f2d\" data-element_type=\"widget\" data-e-type=\"widget\" data-widget_type=\"text-editor.default\">\n\t\t\t\t<div class=\"elementor-widget-container\">\n\t\t\t\t\t\t\t\t\t<p style=\"text-align: justify;\">&nbsp; <br><\/p><p style=\"text-align: justify;\">Am 10.\/11.02.2023 fand die <strong>39. Jahrestagung der Arbeitsgemeinschaft in Nordrhein-Westfahlen t\u00e4tiger Not\u00e4rzte (AGNNW)<\/strong> im Maternushaus in K\u00f6ln statt. Hier noch einmal das&nbsp;Fortbildungsprogramm: <strong><a href=\"http:\/\/news-papers.eu\/wp-content\/uploads\/2023\/02\/Kurzprogramm-Jahrestagung-AGNNW-1.pdf\">Kurzprogramm Jahrestagung AGNNW<\/a><\/strong>, dass parallel in <strong>Pr\u00e4senz<\/strong> im Maternussaal am Freitag mit 200 und am Samstag mit &gt; 400 TeilnehmerInnen stattfand und per <strong>Streaming<\/strong> online mit 200 UserInnen \u00fcber das gesamte Bundesgebiet.<\/p>\n<p>Am Freitag erfolgte zun\u00e4chst der <strong>berufspolitische Vormittag<\/strong> mit hochrangigen Vertretern aus den Ministerien.<\/p>\n<p style=\"text-align: justify;\">\n<\/p><p style=\"text-align: justify;\">Im Anschluss stellte Prof. Dr. Dr. Alexander Lechleuthner wieder das <strong>Industrieforum<\/strong> mit einer moderierten Vorstellung <strong>neuer Produkte im&nbsp;5-Minuten-Takt <\/strong>vor.<\/p>\n<p style=\"text-align: justify;\">Um 14.30 erfolgte die <strong>Special Lecture zum Thema \u201e40 Jahre AGNNW\u201c<\/strong> mit&nbsp;Prof. Dr. Matthias Fischer, Go\u0308ppingen, als Ehrengast und Laudator.<\/p>\n<p style=\"text-align: justify;\">Um 15.00 ging\u2019s dann los mit den <strong>Start-ups in der Notfallmedizin<\/strong>&nbsp;unter Moderation von Claudia Scheltz \/ Florian Reifferscheid wurde&nbsp;zur <strong>\u201eVirtual Reality in der Notarztausbildung\u201c<\/strong> durch&nbsp;PD Dr. Thomas Luiz, Kaiserslautern berichtet. Dann kam der <strong>\u201eOnline-Burner\u201c<\/strong><br>zum Einsatz (digitale Hilfsmittel in der Notfallmedizin) mit&nbsp;Mathias<br>Duschl, Visp. In der letzten Sitzung des Freitages wurde das Thema <strong>\u201eGewaltopfer \u2013 Notfallmedizinische Versorgung und Strafverfolgung\u201c<\/strong> aufgegriffen unter&nbsp;Moderation von Dr. Hella Ko\u0308rner-Go\u0308bel und Dr. Frank Ho\u0308pken: Zu \u201e<strong>Polizeiliche Aspekte bei Gewaltopfern: Strafverfolgung und Beweissicherung\u201c<\/strong> berichtete Herr Kriminaldirektor&nbsp;Martin Mehlhorn, Du\u0308sseldorf. Zur <strong>\u201ePsychotraumatologie in der Akutversorgung\u201c<\/strong> ging&nbsp;Balint Lenard M.Sc. aus Ulm ein. Ein abschliessendes Referat hielt Dr. Marcel Ju\u0308hling, Du\u0308sseldorf zur <strong>\u201eGewaltbetroffenenversorgung aus rechts- medizinischer Sicht \u2013 Verletzungsdokumentation und Spurensicherung\u201c<\/strong>.<\/p>\n<p>Am Abend bestand die M\u00f6glichkeit des <strong>\u201eMeet the Expert\u201c<\/strong> mit Fingerfood zur Vertiefung des Geh\u00f6rten und einem gemeinsamen Austausch.<\/p>\n<p>Am Samstagmorgen startete die Jahrestagung dann um 09.00 h mit einer<strong> Begru\u0308\u00dfung<\/strong> durch den Vorsitzenden der AGNNW Herrn Dr. Peter Gretenkort. In der Sitzung <strong>\u201eWas geht ab?\u201c<\/strong> unter&nbsp;Moderation von Dr. Gabriele Wo\u0308bker und Prof. Dr. Michael Bernhard berichtete Dr. Thomas Henke zum Thema&nbsp;<strong>\u201eeAuto, eBike, eRoller \u2013 Vera\u0308nderte Grenzsituationen und Verletzungen\u201c<\/strong>, danach schilderte Dr. Matthias Baumga\u0308rtel, Nu\u0308rnberg, die <strong>eCPR \u201eWichtiges klinisches Tool oder Sterbeortverlagerung?\u201c<\/strong> und Dr. Mark Michael aus D\u00fcsseldorf ging auf die wichtige Entwicklung des <strong>\u201eWei\u00dfbuch: Nicht-traumatologisches Schockraum-Management\u201c<\/strong> ein.<\/p>\n<p>In der Sitzung <strong>\u201eLeitlinien in der Notfallmedizin: Kompaktes Wissen \u2013 auf den Punkt\u201c<\/strong> unter der Moderation von Dr.&nbsp;Julia Grannemann und Dr. Tobias Ahnert wurde auf die <strong>\u201eS2k-Leitlinie Anaphylaxie\u201c<\/strong> von Andreas Becht, Du\u0308sseldorf, die <strong>\u201eS3-Leitlinie Polytrauma \/ Schwerverletztenbehandlung\u201c<\/strong> durch PD Dr. Dan Bieler, Koblenz, die <strong>\u201eS2k-Leitlinie CO-Intoxikation\u201c<\/strong> im Doppelpack durch&nbsp;Dr. Hella Ko\u0308rner-Go\u0308bel, Neuss; Dr. Holger Wi\u00dfuwa, Hernund die <strong>\u201eS2k-Leitlinie Notfallpsychiatrie\u201c <\/strong>durch&nbsp;Dr. Hermann Westendarp, Marsberg eingegangen. Vor dem Mittagessen nahm Dr. Oleg Volovitch das Auditorium auf eine paar Notarzteins\u00e4tze mit und Beteiligte alle an der <strong>Entscheidungsfindung im Einsatz und in der Notaufnahme<\/strong>.<\/p>\n<p style=\"text-align: justify;\">Nach dem Mittagessen erweckte Frau Jutta Sch\u00fcrmann aus D\u00fcsseldorf das Auditorium durch eine<strong> Interaktives Quiz<\/strong>, dass einen lebhaften und lautstarken Anklang fand. In der letzten Sitzung unter Moderation von Florian Breuer und Marc Zellerhof berichtet PD Dr. Frank Eifinger, Ko\u0308ln zum <strong>\u201eSIDS \u2013 Neue Erkenntnisse zum Kindstod\u201c<\/strong>, das <strong>\u201eArbeitsalltag des Telenotarztes\u201c<\/strong> schilderte Dr. Camilla Metelmann, Greifswald und auf <strong>\u201eChemische Kampfstoffe \u2013 was mu\u0308ssen Nota\u0308rztinnen und Nota\u0308rzte wissen?\u201c<\/strong> ging Prof. Dr. Timo Wille, Mu\u0308nchen ein.<\/p>\n<p>Einen Abschluss fand die <strong>39. Jahrestagung der Arbeitsgemeinschaft in Nordrhein-Westfahlen t\u00e4tiger Not\u00e4rzte (AGNNW)<\/strong> im Maternushaus in K\u00f6ln mit zahlreichen interessanten und innovativen Workshops.<\/p>\n<p>Insgesamt tolle Veranstaltung mit sehr positiven Feedback, sowohl im Pr\u00e4senz als auch im Streamimganteil. Wir freuen uns schon auf 2024!<\/p>\n<p><\/p>\t\t\t\t\t\t\t\t<\/div>\n\t\t\t\t<\/div>\n\t\t\t\t\t<\/div>\n\t\t<\/div>\n\t\t\t\t\t<\/div>\n\t\t<\/section>\n\t\t\t\t<\/div>\n\t\t","protected":false},"excerpt":{"rendered":"<p>Voriger N\u00e4chster &nbsp; Am 10.\/11.02.2023 fand die 39. Jahrestagung der Arbeitsgemeinschaft in Nordrhein-Westfahlen t\u00e4tiger Not\u00e4rzte (AGNNW) im Maternushaus in K\u00f6ln statt. Hier noch einmal das&nbsp;Fortbildungsprogramm: Kurzprogramm Jahrestagung AGNNW, dass parallel in Pr\u00e4senz im Maternussaal am Freitag mit 200 und am Samstag mit &gt; 400 TeilnehmerInnen stattfand und per Streaming online mit 200 UserInnen \u00fcber das [&hellip;]<\/p>\n","protected":false},"author":1,"featured_media":0,"parent":0,"menu_order":3,"comment_status":"closed","ping_status":"closed","template":"page-templates\/page_fullwidth.php","meta":{"footnotes":""},"class_list":["post-4913","page","type-page","status-publish","hentry"],"_links":{"self":[{"href":"https:\/\/www.agnnw.de\/index.php?rest_route=\/wp\/v2\/pages\/4913","targetHints":{"allow":["GET"]}}],"collection":[{"href":"https:\/\/www.agnnw.de\/index.php?rest_route=\/wp\/v2\/pages"}],"about":[{"href":"https:\/\/www.agnnw.de\/index.php?rest_route=\/wp\/v2\/types\/page"}],"author":[{"embeddable":true,"href":"https:\/\/www.agnnw.de\/index.php?rest_route=\/wp\/v2\/users\/1"}],"replies":[{"embeddable":true,"href":"https:\/\/www.agnnw.de\/index.php?rest_route=%2Fwp%2Fv2%2Fcomments&post=4913"}],"version-history":[{"count":76,"href":"https:\/\/www.agnnw.de\/index.php?rest_route=\/wp\/v2\/pages\/4913\/revisions"}],"predecessor-version":[{"id":8491,"href":"https:\/\/www.agnnw.de\/index.php?rest_route=\/wp\/v2\/pages\/4913\/revisions\/8491"}],"wp:attachment":[{"href":"https:\/\/www.agnnw.de\/index.php?rest_route=%2Fwp%2Fv2%2Fmedia&parent=4913"}],"curies":[{"name":"wp","href":"https:\/\/api.w.org\/{rel}","templated":true}]}}