{"id":4903,"date":"2021-01-05T19:11:15","date_gmt":"2021-01-05T18:11:15","guid":{"rendered":"https:\/\/www.agnnw.de\/?page_id=4903"},"modified":"2021-01-23T17:00:41","modified_gmt":"2021-01-23T16:00:41","slug":"jata","status":"publish","type":"page","link":"https:\/\/www.agnnw.de\/?page_id=4903","title":{"rendered":"JATA 2021"},"content":{"rendered":"<div><\/div>\n<div><\/div>\n<div><strong>AGNNW-Jahrestagung 2021, erstmals vollst\u00e4ndig Online!<\/strong> Wir sind uns bewusst, dass unsere traditionelle Jahrestagung in K\u00f6ln als Ort der Begegnung f\u00fcr die Not\u00e4rztinnen und Not\u00e4rzte in NRW nicht so einfach zu ersetzen ist. Daher haben wir im Herbst lange gewartet, ob sich nicht doch vielleicht die M\u00f6glichkeit zu einer Pr\u00e4senzveranstaltung ergeben h\u00e4tte. Es wurde dann Anfang Dezember klar, dass dies nicht eintreten w\u00fcrde. Ein Ausfall oder eine Verschiebung der Jahrestagung kam f\u00fcr uns nicht in Frage, und daher haben wir das komplette Programm als Online-Angebot gestaltet. F\u00fcr das wissenschaftliche Programm werden wir auf der Plattform NOW TO GO zu Gast sein, und die traditionelle Podiums- und Auditoriumsdiskussion &#8222;im Dialog mit dem Ministerium&#8220; haben wir zur Talkrunde umfunktioniert. Die Teilnahme ist f\u00fcr beide Angebote geb\u00fchrenfrei.<\/div>\n<div>\n<h1><\/h1>\n<\/div>\n<div><\/div>\n","protected":false},"excerpt":{"rendered":"<p>AGNNW-Jahrestagung 2021, erstmals vollst\u00e4ndig Online! Wir sind uns bewusst, dass unsere traditionelle Jahrestagung in K\u00f6ln als Ort der Begegnung f\u00fcr die Not\u00e4rztinnen und Not\u00e4rzte in NRW nicht so einfach zu ersetzen ist. Daher haben wir im Herbst lange gewartet, ob sich nicht doch vielleicht die M\u00f6glichkeit zu einer Pr\u00e4senzveranstaltung ergeben h\u00e4tte. Es wurde dann Anfang [&hellip;]<\/p>\n","protected":false},"author":1,"featured_media":0,"parent":4913,"menu_order":1,"comment_status":"closed","ping_status":"closed","template":"","meta":{"footnotes":""},"class_list":["post-4903","page","type-page","status-publish","hentry"],"_links":{"self":[{"href":"https:\/\/www.agnnw.de\/index.php?rest_route=\/wp\/v2\/pages\/4903","targetHints":{"allow":["GET"]}}],"collection":[{"href":"https:\/\/www.agnnw.de\/index.php?rest_route=\/wp\/v2\/pages"}],"about":[{"href":"https:\/\/www.agnnw.de\/index.php?rest_route=\/wp\/v2\/types\/page"}],"author":[{"embeddable":true,"href":"https:\/\/www.agnnw.de\/index.php?rest_route=\/wp\/v2\/users\/1"}],"replies":[{"embeddable":true,"href":"https:\/\/www.agnnw.de\/index.php?rest_route=%2Fwp%2Fv2%2Fcomments&post=4903"}],"version-history":[{"count":21,"href":"https:\/\/www.agnnw.de\/index.php?rest_route=\/wp\/v2\/pages\/4903\/revisions"}],"predecessor-version":[{"id":5006,"href":"https:\/\/www.agnnw.de\/index.php?rest_route=\/wp\/v2\/pages\/4903\/revisions\/5006"}],"up":[{"embeddable":true,"href":"https:\/\/www.agnnw.de\/index.php?rest_route=\/wp\/v2\/pages\/4913"}],"wp:attachment":[{"href":"https:\/\/www.agnnw.de\/index.php?rest_route=%2Fwp%2Fv2%2Fmedia&parent=4903"}],"curies":[{"name":"wp","href":"https:\/\/api.w.org\/{rel}","templated":true}]}}