{"id":49,"date":"2013-03-17T09:28:35","date_gmt":"2013-03-17T09:28:35","guid":{"rendered":"http:\/\/agnnw2.de\/?page_id=49"},"modified":"2022-11-23T11:14:13","modified_gmt":"2022-11-23T10:14:13","slug":"arztekammern","status":"publish","type":"page","link":"https:\/\/www.agnnw.de\/?page_id=49","title":{"rendered":"\u00c4rztekammern"},"content":{"rendered":"<table style=\"width: 936px; height: 1590px;\" border=\"0\" width=\"638\" cellspacing=\"4\" cellpadding=\"4\" align=\"center\">\n<tbody>\n<tr align=\"left\" valign=\"top\">\n<td width=\"27%\"><span style=\"color: #000000; font-family: arial, helvetica, sans-serif; font-size: 14pt;\"><a href=\"http:\/\/www.baek.de\/\" target=\"_blank\" rel=\"noopener\">Bundes\u00e4rztekammer<\/a><\/span><\/td>\n<td width=\"23%\"><span style=\"color: #000000; font-family: arial, helvetica, sans-serif; font-size: 14pt;\">Herbert-Lewin-Str.1<br \/>\n50931 K\u00f6ln <\/span><\/td>\n<td width=\"23%\"><span style=\"color: #000000; font-family: arial, helvetica, sans-serif; font-size: 14pt;\">Tel. 0221\/4004-0<br \/>\nFax 0221\/4004-388<\/span><\/td>\n<td width=\"27%\"><span style=\"color: #000000; font-family: arial, helvetica, sans-serif; font-size: 14pt;\"><a href=\"mailto:baek@dgn.de\">baek@dgn.de <\/a><\/span><\/td>\n<\/tr>\n<tr align=\"left\" valign=\"top\">\n<td width=\"27%\"><span style=\"color: #000000; font-family: arial, helvetica, sans-serif; font-size: 14pt;\"><a href=\"http:\/\/www.aerztekammer-bw.de\/\" target=\"_blank\" rel=\"noopener\">Baden-W\u00fcrttemberg<br \/>\nLandes\u00e4rztekammer<\/a> <\/span><\/td>\n<td width=\"23%\"><span style=\"color: #000000; font-family: arial, helvetica, sans-serif; font-size: 14pt;\">Jahnstr. 40<br \/>\n70597 Stuttgart <\/span><\/td>\n<td width=\"23%\"><span style=\"color: #000000; font-family: arial, helvetica, sans-serif; font-size: 14pt;\">Tel. 0711\/769890<br \/>\nFax 0711\/7698950<\/span><\/td>\n<td width=\"27%\"><span style=\"color: #000000; font-family: arial, helvetica, sans-serif; font-size: 14pt;\"><a href=\"mailto:laek-baden-wuerttemberg@dgn.de\">laek-baden-wuerttemberg@dgn.de <\/a><\/span><\/td>\n<\/tr>\n<tr align=\"left\" valign=\"top\">\n<td width=\"27%\"><span style=\"color: #000000; font-family: arial, helvetica, sans-serif; font-size: 14pt;\"><a href=\"http:\/\/www.blaek.de\/\" target=\"_blank\" rel=\"noopener\">Bayerische Landes\u00e4rztekammer<\/a> <\/span><\/td>\n<td width=\"23%\"><span style=\"color: #000000; font-family: arial, helvetica, sans-serif; font-size: 14pt;\">M\u00fchlbaurstr. 16<br \/>\n81677 M\u00fcnchen <\/span><\/td>\n<td width=\"23%\"><span style=\"color: #000000; font-family: arial, helvetica, sans-serif; font-size: 14pt;\">Tel. 089\/4147-1<br \/>\nFax 089\/4147-280<\/span><\/td>\n<td width=\"27%\"><span style=\"color: #000000; font-family: arial, helvetica, sans-serif; font-size: 14pt;\"><a href=\"mailto:sblaek@blaek.de\">sblaek@blaek.de <\/a><\/span><\/td>\n<\/tr>\n<tr align=\"left\" valign=\"top\">\n<td width=\"27%\"><span style=\"color: #000000; font-family: arial, helvetica, sans-serif; font-size: 14pt;\"><a href=\"http:\/\/www.aerztekammer-berlin.de\/\" target=\"_blank\" rel=\"noopener\">\u00c4rztekammer Berlin<\/a> <\/span><\/td>\n<td width=\"23%\"><span style=\"color: #000000; font-family: arial, helvetica, sans-serif; font-size: 14pt;\">Flottenstr.28-42<br \/>\n13407 Berlin <\/span><\/td>\n<td width=\"23%\"><span style=\"color: #000000; font-family: arial, helvetica, sans-serif; font-size: 14pt;\">Tel.:030\/40806-0<br \/>\nFax:030\/40806-126<\/span><\/td>\n<td width=\"27%\"><span style=\"color: #000000; font-family: arial, helvetica, sans-serif; font-size: 14pt;\"><a href=\"mailto:kammer@aerztekammer-berlin.de\">kammer@aerztekammer-berlin.de <\/a><\/span><\/td>\n<\/tr>\n<tr align=\"left\" valign=\"top\">\n<td width=\"27%\"><span style=\"color: #000000; font-family: arial, helvetica, sans-serif; font-size: 14pt;\"><a href=\"http:\/\/www.laekb.de\/\" target=\"_blank\" rel=\"noopener\">Landes\u00e4rztekammer Brandenburg <\/a><\/span><\/td>\n<td width=\"23%\"><span style=\"color: #000000; font-family: arial, helvetica, sans-serif; font-size: 14pt;\">Dreifertstr. 12<br \/>\n03044 Cottbus <\/span><\/td>\n<td width=\"23%\"><span style=\"color: #000000; font-family: arial, helvetica, sans-serif; font-size: 14pt;\">Tel. 0355\/78010-0<br \/>\nFax 0355\/78010-36<\/span><\/td>\n<td width=\"27%\"><span style=\"color: #000000; font-family: arial, helvetica, sans-serif; font-size: 14pt;\"><a href=\"mailto:laek-brandenburg@dgn.de\">laek-brandenburg@dgn.de<\/a> <\/span><\/td>\n<\/tr>\n<tr align=\"left\" valign=\"top\">\n<td width=\"27%\"><span style=\"font-family: arial, helvetica, sans-serif; font-size: 14pt;\"><a href=\"https:\/\/www.aekhb.de\/\" target=\"_blank\" rel=\"noopener\">\u00c4rztekammer Bremen <\/a><\/span><\/td>\n<td width=\"23%\"><span style=\"color: #000000; font-family: arial, helvetica, sans-serif; font-size: 14pt;\">Schwachhauser Heerstr. 30<br \/>\n28209 Bremen <\/span><\/td>\n<td width=\"23%\"><span style=\"color: #000000; font-family: arial, helvetica, sans-serif; font-size: 14pt;\">Tel. 0421\/340420-0<br \/>\nFax 0421\/340420-9<\/span><\/td>\n<td width=\"27%\"><span style=\"color: #000000; font-family: arial, helvetica, sans-serif; font-size: 14pt;\"><a href=\"mailto:gerd.wenzel@aekhb.de\">gerd.wenzel@aekhb.de <\/a><\/span><\/td>\n<\/tr>\n<tr align=\"left\" valign=\"top\">\n<td width=\"27%\"><span style=\"color: #000000; font-family: arial, helvetica, sans-serif; font-size: 14pt;\"><a href=\"http:\/\/www.aerztekammer-hamburg.de\/\" target=\"_blank\" rel=\"noopener\">\u00c4rztekammer Hamburg<\/a><\/span><\/td>\n<td width=\"23%\"><span style=\"color: #000000; font-family: arial, helvetica, sans-serif; font-size: 14pt;\">Humboldtstr. 56<br \/>\n22083 Hamburg <\/span><\/td>\n<td width=\"23%\"><span style=\"color: #000000; font-family: arial, helvetica, sans-serif; font-size: 14pt;\">Tel. 040\/228020<br \/>\nFax 040\/2209980<\/span><\/td>\n<td width=\"27%\"><span style=\"color: #000000; font-family: arial, helvetica, sans-serif; font-size: 14pt;\"><a href=\"mailto:aekhh@aerztekammaer-hamburg.de\">aekhh@aerztekammer-hamburg.de <\/a><\/span><\/td>\n<\/tr>\n<tr align=\"left\" valign=\"top\">\n<td width=\"27%\"><span style=\"color: #000000; font-family: arial, helvetica, sans-serif; font-size: 14pt;\"><a href=\"http:\/\/www.laekh.de\/\" target=\"_blank\" rel=\"noopener\">Landes\u00e4rztekammer Hessen <\/a><\/span><\/td>\n<td width=\"23%\"><span style=\"color: #000000; font-family: arial, helvetica, sans-serif; font-size: 14pt;\">Im Vogelsgesang 3<br \/>\n60488 Frankfurt <\/span><\/td>\n<td width=\"23%\"><span style=\"color: #000000; font-family: arial, helvetica, sans-serif; font-size: 14pt;\">Tel. 069\/97672-0<br \/>\nFax 069\/97672-128<\/span><\/td>\n<td width=\"27%\"><span style=\"color: #000000; font-family: arial, helvetica, sans-serif; font-size: 14pt;\"><a href=\"mailto:laek.hessen@laekh.de\">laek.hessen@laekh.de<\/a> <\/span><\/td>\n<\/tr>\n<tr align=\"left\" valign=\"top\">\n<td width=\"27%\"><span style=\"font-family: arial, helvetica, sans-serif; font-size: 14pt;\"><a href=\"http:\/\/www.aek-mv.de\/\" target=\"_blank\" rel=\"noopener\">\u00c4rztekammer<br \/>\nMecklenburg-Vorpommern <\/a><\/span><\/td>\n<td width=\"23%\"><span style=\"color: #000000; font-family: arial, helvetica, sans-serif; font-size: 14pt;\">Humboldtstr. 6<br \/>\n18055 Rostock <\/span><\/td>\n<td width=\"23%\"><span style=\"color: #000000; font-family: arial, helvetica, sans-serif; font-size: 14pt;\">Tel. 0381\/49280-0<br \/>\nFax 0381\/49280-44 <\/span><\/td>\n<td width=\"27%\"><span style=\"color: #000000; font-family: arial, helvetica, sans-serif; font-size: 14pt;\"><a href=\"mailto:aekhh@aerztekammaer-hamburg.de\">aekhh@aerztekammaer-hamburg.de<\/a><\/span><\/td>\n<\/tr>\n<tr align=\"left\" valign=\"top\">\n<td width=\"27%\"><span style=\"color: #000000; font-family: arial, helvetica, sans-serif; font-size: 14pt;\"><a href=\"https:\/\/www.aekn.de\/\" target=\"_blank\" rel=\"noopener\">\u00c4rztekammer Niedersachsen<\/a><\/span><\/td>\n<td width=\"23%\"><span style=\"color: #000000; font-family: arial, helvetica, sans-serif; font-size: 14pt;\">Berliner Allee 20<br \/>\n30175 Hannover <\/span><\/td>\n<td width=\"23%\"><span style=\"color: #000000; font-family: arial, helvetica, sans-serif; font-size: 14pt;\">Tel. 0511\/38002<br \/>\nFax 0511\/3802240<\/span><\/td>\n<td width=\"27%\"><span style=\"color: #000000; font-family: arial, helvetica, sans-serif; font-size: 14pt;\"><a href=\"mailto:info@aekn.de\">info@aekn.de <\/a><\/span><\/td>\n<\/tr>\n<tr align=\"left\" valign=\"top\">\n<td width=\"27%\"><span style=\"color: #000000; font-family: arial, helvetica, sans-serif; font-size: 14pt;\"><a href=\"http:\/\/www.aekno.de\/\" target=\"_blank\" rel=\"noopener\">\u00c4rztekammer Nordrhein <\/a><\/span><\/td>\n<td width=\"23%\"><span style=\"color: #000000; font-family: arial, helvetica, sans-serif; font-size: 14pt;\">Tersteegenstr. 31<br \/>\n40474 D\u00fcsseldorf <\/span><\/td>\n<td width=\"23%\"><span style=\"color: #000000; font-family: arial, helvetica, sans-serif; font-size: 14pt;\">Tel. 0211\/43020<br \/>\nFax 0211\/4302200<\/span><\/td>\n<td width=\"27%\"><span style=\"color: #000000; font-family: arial, helvetica, sans-serif; font-size: 14pt;\"><a href=\"mailto:aerztekammer@aekno.de\">aerztekammer@aekno.de<\/a> <\/span><\/td>\n<\/tr>\n<tr align=\"left\" valign=\"top\">\n<td width=\"27%\"><span style=\"color: #000000; font-family: arial, helvetica, sans-serif; font-size: 14pt;\"><a href=\"http:\/\/www.laek-rlp.de\/\" target=\"_blank\" rel=\"noopener\">Landes\u00e4rztekammer Rheinland-Pfalz <\/a><\/span><\/td>\n<td width=\"23%\"><span style=\"color: #000000; font-family: arial, helvetica, sans-serif; font-size: 14pt;\">Deutschhausplatz 3<br \/>\n55116 Mainz <\/span><\/td>\n<td width=\"23%\"><span style=\"color: #000000; font-family: arial, helvetica, sans-serif; font-size: 14pt;\">Tel. 06131\/288220<br \/>\nFax 06131\/2882288<\/span><\/td>\n<td width=\"27%\"><span style=\"color: #000000; font-family: arial, helvetica, sans-serif; font-size: 14pt;\"><a href=\"mailto:kammer@laek-rlp.de\">kammer@laek-rlp.de <\/a><\/span><\/td>\n<\/tr>\n<tr align=\"left\" valign=\"top\">\n<td width=\"27%\"><span style=\"font-family: arial, helvetica, sans-serif; font-size: 14pt;\"><a href=\"http:\/\/www.aerztekammer-saarland.de\/\" target=\"_blank\" rel=\"noopener\">\u00c4rztekammer des Saarlandes <\/a><\/span><\/td>\n<td width=\"23%\"><span style=\"color: #000000; font-family: arial, helvetica, sans-serif; font-size: 14pt;\">Faktoreistr. 4<br \/>\n6611 Saarbr\u00fccken <\/span><\/td>\n<td width=\"23%\"><span style=\"color: #000000; font-family: arial, helvetica, sans-serif; font-size: 14pt;\">Tel. 0681\/40030<br \/>\nFax 0681\/4003340<\/span><\/td>\n<td width=\"27%\"><span style=\"color: #000000; font-family: arial, helvetica, sans-serif; font-size: 14pt;\"><a href=\"mailto:aerztekammer-saarland@t-online.de\">aerztekammer-saarland@t-online.de <\/a><\/span><\/td>\n<\/tr>\n<tr align=\"left\" valign=\"top\">\n<td width=\"27%\"><span style=\"color: #000000; font-family: arial, helvetica, sans-serif; font-size: 14pt;\"><a href=\"http:\/\/www.slaek.de\/\" target=\"_blank\" rel=\"noopener\">S\u00e4chsische Landes\u00e4rztekammer<\/a> <\/span><\/td>\n<td width=\"23%\"><span style=\"color: #000000; font-family: arial, helvetica, sans-serif; font-size: 14pt;\">Sch\u00fctzenh\u00f6he 16<br \/>\n01099 Dresden <\/span><\/td>\n<td width=\"23%\"><span style=\"color: #000000; font-family: arial, helvetica, sans-serif; font-size: 14pt;\">Tel. 0351\/82670<br \/>\nFax 0351\/8267412<\/span><\/td>\n<td width=\"27%\"><span style=\"color: #000000; font-family: arial, helvetica, sans-serif; font-size: 14pt;\"><a href=\"mailto:dresden@slaek.de\">dresden@slaek.de<\/a> <\/span><\/td>\n<\/tr>\n<tr align=\"left\" valign=\"top\">\n<td width=\"27%\"><span style=\"color: #000000; font-family: arial, helvetica, sans-serif; font-size: 14pt;\"><a href=\"http:\/\/www.aeksa.de\/\" target=\"_blank\" rel=\"noopener\">\u00c4rztekammer Sachsen-Anhalt <\/a><\/span><\/td>\n<td width=\"23%\"><span style=\"color: #000000; font-family: arial, helvetica, sans-serif; font-size: 14pt;\">Doctor-Eisenbart- Ring 2<br \/>\n39120 Magdeburg <\/span><\/td>\n<td width=\"23%\"><span style=\"color: #000000; font-family: arial, helvetica, sans-serif; font-size: 14pt;\">Tel. 0391\/60546<br \/>\nFax 0391\/6054700<\/span><\/td>\n<td width=\"27%\"><span style=\"color: #000000; font-family: arial, helvetica, sans-serif; font-size: 14pt;\"><a href=\"mailto:info.aeksa@dgn.de\">info.aeksa@dgn.de<\/a> <\/span><\/td>\n<\/tr>\n<tr align=\"left\" valign=\"top\">\n<td width=\"27%\"><span style=\"color: #000000; font-family: arial, helvetica, sans-serif; font-size: 14pt;\"><a href=\"http:\/\/www.aeksh.de\/\" target=\"_blank\" rel=\"noopener\">\u00c4rztekammer Schleswig-Holstein<\/a> <\/span><\/td>\n<td width=\"23%\"><span style=\"color: #000000; font-family: arial, helvetica, sans-serif; font-size: 14pt;\">Bismarckallee 8-12<br \/>\n23795 Bad Segeberg<\/span><\/td>\n<td width=\"23%\"><span style=\"color: #000000; font-family: arial, helvetica, sans-serif; font-size: 14pt;\">Tel. 04551\/8030<br \/>\nFax 04551\/803180<\/span><\/td>\n<td width=\"27%\"><span style=\"color: #000000; font-family: arial, helvetica, sans-serif; font-size: 14pt;\"><a href=\"mailto:aerztekammer_SH@t-online.de\">aerztekammer_SH@t-online.de<\/a><\/span><\/td>\n<\/tr>\n<tr align=\"left\" valign=\"top\">\n<td width=\"27%\"><span style=\"color: #000000; font-family: arial, helvetica, sans-serif; font-size: 14pt;\"><a href=\"http:\/\/www.laek-thueringen.de\" target=\"_blank\" rel=\"noopener\">Landes\u00e4rztekammer Th\u00fcringen <\/a><\/span><\/td>\n<td width=\"23%\"><span style=\"color: #000000; font-family: arial, helvetica, sans-serif; font-size: 14pt;\">Im Semmicht 33<br \/>\n07751 Jena-Maura <\/span><\/td>\n<td width=\"23%\"><span style=\"color: #000000; font-family: arial, helvetica, sans-serif; font-size: 14pt;\">Tel. 03641\/6140<br \/>\nFax 03641\/614199<\/span><\/td>\n<td width=\"27%\"><span style=\"color: #000000; font-family: arial, helvetica, sans-serif; font-size: 14pt;\"><a href=\"mailto:lak_thuer@t-online.de\">lak_thuer@t-online.de<\/a> <\/span><\/td>\n<\/tr>\n<tr align=\"left\" valign=\"top\">\n<td width=\"27%\"><span style=\"color: #000000; font-family: arial, helvetica, sans-serif; font-size: 14pt;\"><a href=\"http:\/\/www.aekwl.de\/\" target=\"_blank\" rel=\"noopener\">\u00c4rztekammer Westfalen-Lippe <\/a><\/span><\/td>\n<td width=\"23%\"><span style=\"color: #000000; font-family: arial, helvetica, sans-serif; font-size: 14pt;\">Gartenstr. 210-214<br \/>\n48147 M\u00fcnster <\/span><\/td>\n<td width=\"23%\"><span style=\"color: #000000; font-family: arial, helvetica, sans-serif; font-size: 14pt;\">Tel. 0251\/9290<br \/>\nFax 0251\/9292999<\/span><\/td>\n<td width=\"27%\"><span style=\"color: #000000; font-family: arial, helvetica, sans-serif; font-size: 14pt;\"><a href=\"mailto:posteingang@aekwl.de\">posteingang@aekwl.de<\/a> <\/span><\/td>\n<\/tr>\n<\/tbody>\n<\/table>\n","protected":false},"excerpt":{"rendered":"<p>Bundes\u00e4rztekammer Herbert-Lewin-Str.1 50931 K\u00f6ln Tel. 0221\/4004-0 Fax 0221\/4004-388 baek@dgn.de Baden-W\u00fcrttemberg Landes\u00e4rztekammer Jahnstr. 40 70597 Stuttgart Tel. 0711\/769890 Fax 0711\/7698950 laek-baden-wuerttemberg@dgn.de Bayerische Landes\u00e4rztekammer M\u00fchlbaurstr. 16 81677 M\u00fcnchen Tel. 089\/4147-1 Fax 089\/4147-280 sblaek@blaek.de \u00c4rztekammer Berlin Flottenstr.28-42 13407 Berlin Tel.:030\/40806-0 Fax:030\/40806-126 kammer@aerztekammer-berlin.de Landes\u00e4rztekammer Brandenburg Dreifertstr. 12 03044 Cottbus Tel. 0355\/78010-0 Fax 0355\/78010-36 laek-brandenburg@dgn.de \u00c4rztekammer Bremen Schwachhauser Heerstr. 30 [&hellip;]<\/p>\n","protected":false},"author":1,"featured_media":0,"parent":45,"menu_order":2,"comment_status":"closed","ping_status":"closed","template":"page-templates\/page_fullwidth.php","meta":{"footnotes":""},"class_list":["post-49","page","type-page","status-publish","hentry"],"_links":{"self":[{"href":"https:\/\/www.agnnw.de\/index.php?rest_route=\/wp\/v2\/pages\/49","targetHints":{"allow":["GET"]}}],"collection":[{"href":"https:\/\/www.agnnw.de\/index.php?rest_route=\/wp\/v2\/pages"}],"about":[{"href":"https:\/\/www.agnnw.de\/index.php?rest_route=\/wp\/v2\/types\/page"}],"author":[{"embeddable":true,"href":"https:\/\/www.agnnw.de\/index.php?rest_route=\/wp\/v2\/users\/1"}],"replies":[{"embeddable":true,"href":"https:\/\/www.agnnw.de\/index.php?rest_route=%2Fwp%2Fv2%2Fcomments&post=49"}],"version-history":[{"count":8,"href":"https:\/\/www.agnnw.de\/index.php?rest_route=\/wp\/v2\/pages\/49\/revisions"}],"predecessor-version":[{"id":6070,"href":"https:\/\/www.agnnw.de\/index.php?rest_route=\/wp\/v2\/pages\/49\/revisions\/6070"}],"up":[{"embeddable":true,"href":"https:\/\/www.agnnw.de\/index.php?rest_route=\/wp\/v2\/pages\/45"}],"wp:attachment":[{"href":"https:\/\/www.agnnw.de\/index.php?rest_route=%2Fwp%2Fv2%2Fmedia&parent=49"}],"curies":[{"name":"wp","href":"https:\/\/api.w.org\/{rel}","templated":true}]}}