{"id":4882,"date":"2021-01-01T11:15:35","date_gmt":"2021-01-01T10:15:35","guid":{"rendered":"https:\/\/www.agnnw.de\/?page_id=4882"},"modified":"2022-11-20T16:38:45","modified_gmt":"2022-11-20T15:38:45","slug":"2021-2","status":"publish","type":"page","link":"https:\/\/www.agnnw.de\/?page_id=4882","title":{"rendered":"2021"},"content":{"rendered":"<div class=\"pt-cv-wrapper\"><div class=\"pt-cv-view pt-cv-grid pt-cv-colsys\" id=\"pt-cv-view-3eb73b4gef\"><div data-id=\"pt-cv-page-1\" class=\"pt-cv-page\" data-cvc=\"4\"><div class=\"col-md-3 col-sm-6 col-xs-12 pt-cv-content-item pt-cv-1-col\" ><div class='pt-cv-ifield'><h5 class=\"pt-cv-title\"><a href=\"https:\/\/www.agnnw.de\/?p=5322\" class=\"_self\" target=\"_self\" >Fall des Monats Dezember 2021<\/a><\/h5>\n<div class=\"pt-cv-content\">Alarmierungsmeldung um 02:15 Uhr: Patient, 72 Jahre mit Atemnot Situation vor Ort und Vorgeschichte: Das NEF trifft zeitgleich mit dem RTW am Einsatzort ein (2-Familienhaus in Stadtmitte einer Kleinstadt). Die ...<br \/><div class=\"pt-cv-rmwrap\"><a href=\"https:\/\/www.agnnw.de\/?p=5322\" class=\"_self pt-cv-readmore btn btn-success\" target=\"_self\">Weiterlesen\u00a0\u2026<\/a><\/div><\/div><\/div><\/div>\n<div class=\"col-md-3 col-sm-6 col-xs-12 pt-cv-content-item pt-cv-1-col\" ><div class='pt-cv-ifield'><h5 class=\"pt-cv-title\"><a href=\"https:\/\/www.agnnw.de\/?p=5279\" class=\"_self\" target=\"_self\" >Fall des Monats November 2021<\/a><\/h5>\n<div class=\"pt-cv-content\">Alarmierungsmeldung um 21:30 Uhr: 68-j\u00e4hrige Frau, Kreislaufprobleme Situation vor Ort und Anamnese: Nahezu zeitgleiches Eintreffen von NEF und RTW in der Wohnung in der 1.Etage\u00a0 eines Mehrfamilienhauses. Der Anrufer (Nachbar ...<br \/><div class=\"pt-cv-rmwrap\"><a href=\"https:\/\/www.agnnw.de\/?p=5279\" class=\"_self pt-cv-readmore btn btn-success\" target=\"_self\">Weiterlesen\u00a0\u2026<\/a><\/div><\/div><\/div><\/div>\n<div class=\"col-md-3 col-sm-6 col-xs-12 pt-cv-content-item pt-cv-1-col\" ><div class='pt-cv-ifield'><h5 class=\"pt-cv-title\"><a href=\"https:\/\/www.agnnw.de\/?p=5219\" class=\"_self\" target=\"_self\" >Fall des Monats Oktober 2021<\/a><\/h5>\n<div class=\"pt-cv-content\">Alarmierungsmeldung am Freitag um 18:30 Uhr: Patient, 78 Jahre, vermutlich exazerbierte COPD Situation vor Ort: NEF und RTW treffen fast zeitgleich am Einsatzort ein: Es handelt sich um eine Parterrewohnung ...<br \/><div class=\"pt-cv-rmwrap\"><a href=\"https:\/\/www.agnnw.de\/?p=5219\" class=\"_self pt-cv-readmore btn btn-success\" target=\"_self\">Weiterlesen\u00a0\u2026<\/a><\/div><\/div><\/div><\/div>\n<div class=\"col-md-3 col-sm-6 col-xs-12 pt-cv-content-item pt-cv-1-col\" ><div class='pt-cv-ifield'><h5 class=\"pt-cv-title\"><a href=\"https:\/\/www.agnnw.de\/?p=5196\" class=\"_self\" target=\"_self\" >Fall des Monats September 2021<\/a><\/h5>\n<div class=\"pt-cv-content\">Alarmierungsmeldung um 19:30 Uhr: 94-j\u00e4hriger Patient auf der Kurzzeitpflegestation des Altenheims mit Atemnot \/ abnormaler Atmung Situation vor Ort:\/Vorgeschichte: Der RTW erreicht das Seniorenzentrum 2 Minuten vor dem NEF. Das ...<br \/><div class=\"pt-cv-rmwrap\"><a href=\"https:\/\/www.agnnw.de\/?p=5196\" class=\"_self pt-cv-readmore btn btn-success\" target=\"_self\">Weiterlesen\u00a0\u2026<\/a><\/div><\/div><\/div><\/div>\n<div class=\"col-md-3 col-sm-6 col-xs-12 pt-cv-content-item pt-cv-1-col\" ><div class='pt-cv-ifield'><h5 class=\"pt-cv-title\"><a href=\"https:\/\/www.agnnw.de\/?p=5188\" class=\"_self\" target=\"_self\" >Fall des Monats August 2021<\/a><\/h5>\n<div class=\"pt-cv-content\">Alarmierungsmeldung Samstag fr\u00fch um 6:30 Uhr 78-j\u00e4hriger Mann, nicht ansprechbar, ohne Atmung, Der Leitstellen-Disponent versucht, die Anruferin zur Reanimation anzuleiten, die aufgeregte Anruferin kann das mitgeteilte Vorgehen aber nicht umsetzen ...<br \/><div class=\"pt-cv-rmwrap\"><a href=\"https:\/\/www.agnnw.de\/?p=5188\" class=\"_self pt-cv-readmore btn btn-success\" target=\"_self\">Weiterlesen\u00a0\u2026<\/a><\/div><\/div><\/div><\/div>\n<div class=\"col-md-3 col-sm-6 col-xs-12 pt-cv-content-item pt-cv-1-col\" ><div class='pt-cv-ifield'><h5 class=\"pt-cv-title\"><a href=\"https:\/\/www.agnnw.de\/?p=5167\" class=\"_self\" target=\"_self\" >Fall des Monats Juli 2021<\/a><\/h5>\n<div class=\"pt-cv-content\">Alarmierungsmeldung am Freitag 20:30 Uhr: Psychische Dekompensation, Kind, 8 Jahre Bereits w\u00e4hrend der Anfahrt erfolgt die Mitteilung durch die Leitstelle, dass die Polizei ebenfalls alarmiert wurde. Informationen zur Vorgeschichte nach ...<br \/><div class=\"pt-cv-rmwrap\"><a href=\"https:\/\/www.agnnw.de\/?p=5167\" class=\"_self pt-cv-readmore btn btn-success\" target=\"_self\">Weiterlesen\u00a0\u2026<\/a><\/div><\/div><\/div><\/div>\n<div class=\"col-md-3 col-sm-6 col-xs-12 pt-cv-content-item pt-cv-1-col\" ><div class='pt-cv-ifield'><h5 class=\"pt-cv-title\"><a href=\"https:\/\/www.agnnw.de\/?p=5146\" class=\"_self\" target=\"_self\" >Fall des Monats Juni 2021<\/a><\/h5>\n<div class=\"pt-cv-content\">Alarmierungsmeldung: Sonntag morgen, 3:30 Uhr \"Bewusstlosigkeit, m\u00e4nnlich, 50 Jahre\". Vorabinformation der Leitstelle: Auf der Anfahrt zu dem in einer kleinen l\u00e4ndlichen Siedlung befindlichen Haus informiert die Leitstelle, da\u00df man die ...<br \/><div class=\"pt-cv-rmwrap\"><a href=\"https:\/\/www.agnnw.de\/?p=5146\" class=\"_self pt-cv-readmore btn btn-success\" target=\"_self\">Weiterlesen\u00a0\u2026<\/a><\/div><\/div><\/div><\/div>\n<div class=\"col-md-3 col-sm-6 col-xs-12 pt-cv-content-item pt-cv-1-col\" ><div class='pt-cv-ifield'><h5 class=\"pt-cv-title\"><a href=\"https:\/\/www.agnnw.de\/?p=5128\" class=\"_self\" target=\"_self\" >Fall des Monats Mai 2021<\/a><\/h5>\n<div class=\"pt-cv-content\">Alarmierungsmeldung am Freitag 19:45 Uhr: Patient, 89 Jahre, vermutlich luxierte Schulter, Arzt vor Ort. Situation vor Ort: NEF und RTW treffen ca. 6 Minuten nach Alarmierung fast zeitgleich an der ...<br \/><div class=\"pt-cv-rmwrap\"><a href=\"https:\/\/www.agnnw.de\/?p=5128\" class=\"_self pt-cv-readmore btn btn-success\" target=\"_self\">Weiterlesen\u00a0\u2026<\/a><\/div><\/div><\/div><\/div>\n<div class=\"col-md-3 col-sm-6 col-xs-12 pt-cv-content-item pt-cv-1-col\" ><div class='pt-cv-ifield'><h5 class=\"pt-cv-title\"><a href=\"https:\/\/www.agnnw.de\/?p=5112\" class=\"_self\" target=\"_self\" >Fall des Monats April 2021<\/a><\/h5>\n<div class=\"pt-cv-content\">Alarmierungsmeldung Freitag um 23:00 Uhr: 63 j\u00e4hriger Mann, Aggressivit\u00e4t, V.a. Unterzuckerung Situation vor Ort und Vorgeschichte: Das NEF, das sich gerade von einem vorangegangenen Einsatz am Zielkrankenhaus frei gemeldet hat, ...<br \/><div class=\"pt-cv-rmwrap\"><a href=\"https:\/\/www.agnnw.de\/?p=5112\" class=\"_self pt-cv-readmore btn btn-success\" target=\"_self\">Weiterlesen\u00a0\u2026<\/a><\/div><\/div><\/div><\/div>\n<div class=\"col-md-3 col-sm-6 col-xs-12 pt-cv-content-item pt-cv-1-col\" ><div class='pt-cv-ifield'><h5 class=\"pt-cv-title\"><a href=\"https:\/\/www.agnnw.de\/?p=5100\" class=\"_self\" target=\"_self\" >Fall des Monats M\u00e4rz 2021<\/a><\/h5>\n<div class=\"pt-cv-content\">Einsatz 10 Uhr morgens, trockenes Wetter, 12 \u00b0C, ein Hauch von Fr\u00fchling liegt in der Luft. Die Alarmierung des Rettungsdienstes erfolgt, da ein Arbeiter bei Reinigungsarbeiten von einem Dach gest\u00fcrzt ...<br \/><div class=\"pt-cv-rmwrap\"><a href=\"https:\/\/www.agnnw.de\/?p=5100\" class=\"_self pt-cv-readmore btn btn-success\" target=\"_self\">Weiterlesen\u00a0\u2026<\/a><\/div><\/div><\/div><\/div>\n<div class=\"col-md-3 col-sm-6 col-xs-12 pt-cv-content-item pt-cv-1-col\" ><div class='pt-cv-ifield'><h5 class=\"pt-cv-title\"><a href=\"https:\/\/www.agnnw.de\/?p=5068\" class=\"_self\" target=\"_self\" >Fall des Monats Februar 2021<\/a><\/h5>\n<div class=\"pt-cv-content\">Alarmierungsmeldung um 19:30 Uhr: Einsatz auf Supermarktgel\u00e4nde : 78-j\u00e4hriger Mann, pektangin\u00f6se Beschwerden Situation vor Ort und Anamnese: Nahezu zeitgleiches Eintreffen von NEF und RTW am Parkplatz vor einem Supermarkt. Eine ...<br \/><div class=\"pt-cv-rmwrap\"><a href=\"https:\/\/www.agnnw.de\/?p=5068\" class=\"_self pt-cv-readmore btn btn-success\" target=\"_self\">Weiterlesen\u00a0\u2026<\/a><\/div><\/div><\/div><\/div>\n<div class=\"col-md-3 col-sm-6 col-xs-12 pt-cv-content-item pt-cv-1-col\" ><div class='pt-cv-ifield'><h5 class=\"pt-cv-title\"><a href=\"https:\/\/www.agnnw.de\/?p=4885\" class=\"_self\" target=\"_self\" >Fall des Monats Januar 2021<\/a><\/h5>\n<div class=\"pt-cv-content\">Alarmierungsmeldung am Montag um 20:30 Uhr: Gest\u00fcrzte m\u00e4nnliche Person auf Stra\u00dfe mit Bewusstseinstr\u00fcbung. Der RTW trifft 1 Minute vor dem NEF am Einsatzort ein. Ein ca. 50-j\u00e4hriger Mann ist vom ...<br \/><div class=\"pt-cv-rmwrap\"><a href=\"https:\/\/www.agnnw.de\/?p=4885\" class=\"_self pt-cv-readmore btn btn-success\" target=\"_self\">Weiterlesen\u00a0\u2026<\/a><\/div><\/div><\/div><\/div><\/div><\/div><\/div>\n","protected":false},"excerpt":{"rendered":"","protected":false},"author":1,"featured_media":1072,"parent":42,"menu_order":3,"comment_status":"closed","ping_status":"closed","template":"page-templates\/page_fullwidth.php","meta":{"footnotes":""},"class_list":["post-4882","page","type-page","status-publish","has-post-thumbnail","hentry"],"_links":{"self":[{"href":"https:\/\/www.agnnw.de\/index.php?rest_route=\/wp\/v2\/pages\/4882","targetHints":{"allow":["GET"]}}],"collection":[{"href":"https:\/\/www.agnnw.de\/index.php?rest_route=\/wp\/v2\/pages"}],"about":[{"href":"https:\/\/www.agnnw.de\/index.php?rest_route=\/wp\/v2\/types\/page"}],"author":[{"embeddable":true,"href":"https:\/\/www.agnnw.de\/index.php?rest_route=\/wp\/v2\/users\/1"}],"replies":[{"embeddable":true,"href":"https:\/\/www.agnnw.de\/index.php?rest_route=%2Fwp%2Fv2%2Fcomments&post=4882"}],"version-history":[{"count":2,"href":"https:\/\/www.agnnw.de\/index.php?rest_route=\/wp\/v2\/pages\/4882\/revisions"}],"predecessor-version":[{"id":5993,"href":"https:\/\/www.agnnw.de\/index.php?rest_route=\/wp\/v2\/pages\/4882\/revisions\/5993"}],"up":[{"embeddable":true,"href":"https:\/\/www.agnnw.de\/index.php?rest_route=\/wp\/v2\/pages\/42"}],"wp:featuredmedia":[{"embeddable":true,"href":"https:\/\/www.agnnw.de\/index.php?rest_route=\/wp\/v2\/media\/1072"}],"wp:attachment":[{"href":"https:\/\/www.agnnw.de\/index.php?rest_route=%2Fwp%2Fv2%2Fmedia&parent=4882"}],"curies":[{"name":"wp","href":"https:\/\/api.w.org\/{rel}","templated":true}]}}